{"id":13375,"date":"2023-04-13T15:19:01","date_gmt":"2023-04-13T18:19:01","guid":{"rendered":"https:\/\/made4it.com.br\/politica-de-privacidad\/"},"modified":"2024-02-06T12:12:08","modified_gmt":"2024-02-06T15:12:08","slug":"politica-de-privacidad","status":"publish","type":"page","link":"https:\/\/made4it.com.br\/es\/politica-de-privacidad\/","title":{"rendered":"Pol\u00edtica de privacidad"},"content":{"rendered":"\n<h2 class=\"wp-block-heading\">Pol\u00edtica de privacidad<\/h2>\n\n<p>En <em>MADE4IT SOLUCOES EM TI LTDA<\/em>, la privacidad y la seguridad son prioridades y estamos comprometidos con la transparencia en el tratamiento de los datos personales de nuestros usuarios\/clientes. Por lo tanto, esta Pol\u00edtica de Privacidad establece c\u00f3mo recogemos, utilizamos y transferimos la informaci\u00f3n de los clientes u otras personas que acceden o utilizan nuestro sitio web.<\/p>\n\n<p>Al utilizar nuestros servicios, usted entiende que recopilaremos y utilizaremos su informaci\u00f3n personal en las formas descritas en esta Pol\u00edtica, en virtud de las normas de la Constituci\u00f3n Federal de 1988 (art. 5, LXXIX; y art. 22, XXX &#8211; incluido por la CE 115\/2022),<strong> <\/strong>de<strong> <\/strong>Normas de Protecci\u00f3n de Datos (LGPD, Ley Federal 13.709\/2018), las disposiciones de consumo de la Ley Federal 8078\/1990 y las dem\u00e1s normas aplicables del ordenamiento jur\u00eddico brasile\u00f1o.<\/p>\n\n<p>As\u00ed, <em>MADE4IT SOLUCOES EM TI LTDA<\/em>, en adelante denominada simplemente \u00abMade4It\u00bb, registrada en el CNPJ\/MF bajo el n\u00ba <em>26.960.742\/0001-52<\/em>, en el papel de Responsable del Tratamiento, se compromete a cumplir con las disposiciones de esta Pol\u00edtica de Privacidad.<\/p>\n\n<h3 class=\"wp-block-heading\">1. \u00bfQu\u00e9 datos recogemos sobre usted y con qu\u00e9 finalidad?<\/h3>\n\n<p>Nuestro sitio web recoge y utiliza algunos de sus datos personales para prestar servicios y mejorar la experiencia del usuario.<\/p>\n\n<h4 class=\"wp-block-heading\">1.1. Datos personales facilitados por el titular<\/h4>\n\n<ul class=\"wp-block-list\">\n<li> <em>Nombre<\/em><\/li>\n\n\n\n<li> <em>Correo electr\u00f3nico<\/em><\/li>\n\n\n\n<li> <em>Tel\u00e9fono<\/em><\/li>\n<\/ul>\n\n<h4 class=\"wp-block-heading\">1.2. Datos personales recogidos autom\u00e1ticamente<\/h4>\n\n<ul class=\"wp-block-list\">\n<li> <em>Ubicaci\u00f3n<\/em><\/li>\n\n\n\n<li> <em>Fecha<\/em>y hora<\/li>\n\n\n\n<li> <em>Ip<\/em><\/li>\n<\/ul>\n\n<h3 class=\"wp-block-heading\">2. \u00bfC\u00f3mo recogemos sus datos?<\/h3>\n\n<p>En este sentido, sus datos personales se recogen de la siguiente manera:<\/p>\n\n<ul class=\"wp-block-list\">\n<li> <em>Reg\u00edstrese en nuestro sitio web<\/em><\/li>\n\n\n\n<li> <em>Registro en redes sociales<\/em><\/li>\n\n\n\n<li> <em>Registrarse para anuncios<\/em><\/li>\n<\/ul>\n\n<h4 class=\"wp-block-heading\">2.1. Consentimiento<\/h4>\n\n<p>Tratamos sus datos personales sobre la base de su consentimiento. El consentimiento es la expresi\u00f3n libre, informada e inequ\u00edvoca por la que usted autoriza a Made4It a tratar sus datos.<\/p>\n\n<p>Por lo tanto, de acuerdo con la Ley General de Protecci\u00f3n de Datos, sus datos s\u00f3lo se recoger\u00e1n, tratar\u00e1n y almacenar\u00e1n con su previo consentimiento expreso.  <\/p>\n\n<p>Su consentimiento se obtendr\u00e1 espec\u00edficamente para cada finalidad descrita anteriormente, demostrando el compromiso de <em>Made4It<\/em> con la transparencia y la buena fe hacia sus usuarios\/clientes, de conformidad con la normativa legislativa aplicable.<\/p>\n\n<p>Al utilizar los servicios de <em>Made4It<\/em> y facilitar sus datos personales, usted conoce y consiente lo dispuesto en la presente Pol\u00edtica de Privacidad, as\u00ed como conoce sus derechos y la forma de ejercerlos.<\/p>\n\n<p>Puede revocar su consentimiento en cualquier momento y de forma gratuita.<\/p>\n\n<p>Es importante destacar que la revocaci\u00f3n del consentimiento para el tratamiento de los datos puede implicar la imposibilidad del correcto funcionamiento de cualquier funcionalidad del sitio que dependa de la operaci\u00f3n. Se le informar\u00e1 de estas consecuencias con antelaci\u00f3n.<\/p>\n\n<h3 class=\"wp-block-heading\">3. \u00bfCu\u00e1les son tus derechos?<\/h3>\n\n<p><em>Made4It<\/em> asegura a sus usuarios\/clientes sus derechos como titulares de los datos seg\u00fan lo dispuesto en el art\u00edculo 18 de la Ley General de Protecci\u00f3n de Datos. As\u00ed podr\u00e1s hacerlo gratis y en cualquier momento:<\/p>\n\n<ul class=\"wp-block-list\">\n<li><strong>Confirmar la existencia de tratamiento de datos<\/strong>, ya sea de forma simplificada o en un formato claro y completo.<\/li>\n\n\n\n<li><strong>Acceder a sus datos<\/strong>, pudiendo solicitarlos en copia legible en formato impreso o por medios electr\u00f3nicos, seguros y acreditados.<\/li>\n\n\n\n<li><strong>Rectificar sus datos<\/strong> solicitando que sean editados, corregidos o actualizados.<\/li>\n\n\n\n<li><strong>Limitar sus datos<\/strong> cuando sean innecesarios, excesivos o se traten infringiendo la ley, mediante su anonimizaci\u00f3n, bloqueo o supresi\u00f3n.<\/li>\n\n\n\n<li><strong>Solicitar la portabilidad de sus datos<\/strong>, a trav\u00e9s de un informe de datos de registro que <em>Made4It<\/em> procesar\u00e1 en su nombre.<\/li>\n\n\n\n<li><strong>Suprimir sus datos<\/strong> tratados con su consentimiento, salvo en los casos previstos por la ley.<\/li>\n\n\n\n<li><strong>Revocar su consentimiento<\/strong>, desautorizando el tratamiento de sus datos.<\/li>\n\n\n\n<li><strong>Inf\u00f3rmese sobre la posibilidad de no dar su consentimiento<\/strong> y las consecuencias de no hacerlo.<\/li>\n<\/ul>\n\n<h3 class=\"wp-block-heading\">4. \u00bfC\u00f3mo puede ejercer sus derechos como titular?<\/h3>\n\n<p>Para ejercer sus derechos como titular, debe ponerse en contacto con Made4It a trav\u00e9s de los siguientes medios disponibles:<\/p>\n\n<ul class=\"wp-block-list\">\n<li>  marketing@made4it.com.br<\/li>\n\n\n\n<li> <em>(43) 3047-8300<\/em><\/li>\n<\/ul>\n\n<p>Para asegurarnos de que usted est\u00e1 correctamente identificado como titular de los datos personales objeto de la solicitud, podemos pedirle documentos u otras pruebas que demuestren su identidad. En este caso, se le informar\u00e1 con antelaci\u00f3n.<\/p>\n\n<h3 class=\"wp-block-heading\">5. \u00bfC\u00f3mo y durante cu\u00e1nto tiempo se almacenar\u00e1n sus datos?<\/h3>\n\n<p>Sus datos personales recogidos por <em>Made4It<\/em> se utilizar\u00e1n y almacenar\u00e1n durante el tiempo necesario para prestar el servicio o cumplir los fines enumerados en la presente Pol\u00edtica de Privacidad, teniendo en cuenta los derechos de los interesados y de los responsables del tratamiento.<\/p>\n\n<p>En general, sus datos se conservar\u00e1n mientras se mantenga la relaci\u00f3n contractual entre usted y Made4It. Al final del periodo de almacenamiento, los datos personales se eliminar\u00e1n de nuestras bases de datos o se anonimizar\u00e1n, salvo en los casos legalmente previstos en el art\u00edculo 16 de la Ley General de Protecci\u00f3n de Datos:<\/p>\n\n<p>I &#8211; cumplimiento de una obligaci\u00f3n legal o reglamentaria por parte del accionista mayoritario;<\/p>\n\n<p>II &#8211; un estudio realizado por un organismo de investigaci\u00f3n, garantizando, siempre que sea posible, la anonimizaci\u00f3n de los datos personales;<\/p>\n\n<p>III &#8211; transferencia a un tercero, siempre que se respeten los requisitos de tratamiento de datos establecidos en la presente Ley; o<\/p>\n\n<p>IV &#8211; uso exclusivo por parte del responsable del tratamiento, sin acceso por parte de terceros, y siempre que los datos est\u00e9n anonimizados.<\/p>\n\n<p>En otras palabras, la informaci\u00f3n personal sobre usted que sea esencial para el cumplimiento de \u00f3rdenes legales, judiciales y administrativas y\/o para el ejercicio del derecho de defensa en procedimientos judiciales y administrativos se conservar\u00e1, a pesar de la supresi\u00f3n de otros datos.  <\/p>\n\n<p>El almacenamiento de los datos recogidos por Made4It refleja nuestro compromiso con la seguridad y la privacidad de sus datos. Empleamos medidas y soluciones t\u00e9cnicas de protecci\u00f3n para garantizar la confidencialidad, integridad e inviolabilidad de sus datos. Tambi\u00e9n disponemos de medidas de seguridad adecuadas a los riesgos y controlamos el acceso a la informaci\u00f3n almacenada.<\/p>\n\n<h3 class=\"wp-block-heading\">6. \u00bfQu\u00e9 hacemos para proteger sus datos?<\/h3>\n\n<p>Para mantener segura su informaci\u00f3n personal, utilizamos herramientas f\u00edsicas, electr\u00f3nicas y de gesti\u00f3n orientadas a proteger su privacidad.<\/p>\n\n<p>Aplicamos estas herramientas teniendo en cuenta la naturaleza de los datos personales recogidos, el contexto y la finalidad del tratamiento y los riesgos que las posibles infracciones generar\u00edan para los derechos y libertades del interesado.<\/p>\n\n<p>Entre las medidas que hemos adoptado, destacamos las siguientes:<\/p>\n\n<ul class=\"wp-block-list\">\n<li>S\u00f3lo las personas autorizadas tienen acceso a sus datos personales<\/li>\n\n\n\n<li>El acceso a sus datos personales s\u00f3lo se concede despu\u00e9s de que usted se haya comprometido a mantener su confidencialidad.<\/li>\n\n\n\n<li>Sus datos personales se almacenan en un entorno seguro y fiable.<\/li>\n<\/ul>\n\n<p><em>Made4It<\/em> se compromete a tomar las mejores medidas posibles para evitar incidentes de seguridad. Sin embargo, hay que subrayar que ning\u00fan sitio web es totalmente seguro y est\u00e1 exento de riesgos. Es posible que, a pesar de todos nuestros protocolos de seguridad, se produzcan problemas por culpa exclusiva de terceros, como ciberataques de <em>piratas inform\u00e1ticos<\/em>, o como consecuencia de la negligencia o imprudencia del propio usuario\/cliente.<\/p>\n\n<p>En caso de incidentes de seguridad que puedan generar un riesgo o da\u00f1o relevante para usted o cualquiera de nuestros usuarios\/clientes, notificaremos lo ocurrido a los afectados y a la Autoridad Nacional de Protecci\u00f3n de Datos, en l\u00ednea con lo establecido en la Ley General de Protecci\u00f3n de Datos.<\/p>\n\n<h3 class=\"wp-block-heading\">7. \u00bfCon qui\u00e9n pueden compartirse sus datos?<\/h3>\n\n<p>Para preservar su privacidad, <em>Made4It<\/em> no compartir\u00e1 sus datos personales con terceros no autorizados.  <\/p>\n\n<p>Tambi\u00e9n hay otras formas en las que se pueden compartir sus datos, que son:<\/p>\n\n<p>I &#8211; Determinaci\u00f3n legal, solicitud, requerimiento u orden judicial, ante las autoridades judiciales, administrativas o gubernamentales competentes.<\/p>\n\n<p>II &#8211; En el caso de operaciones societarias, como fusiones, adquisiciones y constituciones, autom\u00e1ticamente<\/p>\n\n<p>III &#8211; Protecci\u00f3n de los derechos de <em>Made4It<\/em> en cualquier tipo de conflicto, incluidos los de naturaleza judicial.<\/p>\n\n<h4 class=\"wp-block-heading\">7.1. Transferencia internacional de datos<\/h4>\n\n<p>Algunos de los terceros con los que compartimos sus datos pueden estar ubicados o tener instalaciones ubicadas en pa\u00edses extranjeros. En estas condiciones, en cualquier caso, sus datos personales estar\u00e1n sujetos a la Ley General de Protecci\u00f3n de Datos y dem\u00e1s legislaci\u00f3n brasile\u00f1a de protecci\u00f3n de datos.<\/p>\n\n<p>En este sentido, <em>Made4It<\/em> se compromete a adoptar siempre est\u00e1ndares eficientes de ciberseguridad y protecci\u00f3n de datos, en su mejor esfuerzo por garantizar y cumplir los requisitos legislativos.<\/p>\n\n<p>Al aceptar esta Pol\u00edtica de Privacidad, usted da su consentimiento para que se comparta esta informaci\u00f3n, lo que tendr\u00e1 lugar de acuerdo con los fines aqu\u00ed descritos.<\/p>\n\n<h3 class=\"wp-block-heading\">8. Cookies o datos de navegaci\u00f3n<\/h3>\n\n<p><em>Made4It<\/em> hace uso de Cookies, que son archivos de texto enviados por la plataforma a su ordenador y almacenados all\u00ed, conteniendo informaci\u00f3n relacionada con la navegaci\u00f3n por el sitio. En resumen, las cookies se utilizan para mejorar la experiencia del usuario.<\/p>\n\n<p>Al acceder a nuestro sitio web y consentir el uso de Cookies, usted manifiesta que conoce y acepta el uso de un sistema de recogida de datos de navegaci\u00f3n mediante el uso de Cookies en su dispositivo.<\/p>\n\n<p>Usted puede, en cualquier momento y sin coste alguno, cambiar los permisos, bloquear o rechazar las Cookies. Sin embargo, retirar el consentimiento para determinadas cookies puede hacer que algunas caracter\u00edsticas de la plataforma no funcionen correctamente.<\/p>\n\n<p>Para gestionar las cookies de su navegador, s\u00f3lo tiene que hacerlo directamente en la configuraci\u00f3n de su navegador, en el \u00e1rea de gesti\u00f3n de cookies. Puede acceder a tutoriales sobre el tema directamente desde los enlaces que figuran a continuaci\u00f3n:<\/p>\n\n<p>Si utiliza <a href=\"https:\/\/support.microsoft.com\/pt-br\/help\/17442\/windows-internet-explorer-delete-manage-cookies\" target=\"_blank\" rel=\"noreferrer noopener\">Internet Explorer<\/a>.<\/p>\n\n<p>Si utilizas <a href=\"https:\/\/support.mozilla.org\/pt-BR\/kb\/gerencie-configuracoes-de-armazenamento-local-de-s\" target=\"_blank\" rel=\"noreferrer noopener\">Firefox<\/a>.<\/p>\n\n<p>Si utilizas <a href=\"https:\/\/support.apple.com\/pt-br\/guide\/safari\/sfri11471\/mac\" target=\"_blank\" rel=\"noreferrer noopener\">Safari<\/a>.<\/p>\n\n<p>Si utilizas <a href=\"https:\/\/support.google.com\/chrome\/answer\/95647?co=GENIE.Platform%3DDesktop&amp;oco=1&amp;hl=pt-BR\" target=\"_blank\" rel=\"noreferrer noopener\">Google Chrome<\/a>.<\/p>\n\n<p>Si utilizas <a href=\"https:\/\/support.microsoft.com\/pt-br\/help\/4027947\/microsoft-edge-delete-cookies\" target=\"_blank\" rel=\"noreferrer noopener\">Microsoft Edge<\/a>.<\/p>\n\n<p>Si utilizas <a href=\"https:\/\/help.opera.com\/en\/latest\/web-preferences\/#cookies\" target=\"_blank\" rel=\"noreferrer noopener\">Opera<\/a>.<\/p>\n\n<h3 class=\"wp-block-heading\">9. Cambios en esta pol\u00edtica de privacidad<\/h3>\n\n<p>La versi\u00f3n actual de la Pol\u00edtica de Privacidad fue formulada y actualizada por \u00faltima vez el: 13\/04\/2023.<\/p>\n\n<p>Nos reservamos el derecho a modificar esta Pol\u00edtica de Privacidad en cualquier momento, principalmente para adaptarla a los cambios que se produzcan en nuestro sitio web o en el \u00e1mbito legislativo. Le recomendamos que la revise con frecuencia.<\/p>\n\n<p>Cualquier cambio entrar\u00e1 en vigor tan pronto como se publique en nuestro sitio web y siempre le notificaremos cualquier cambio.<\/p>\n\n<p>Al utilizar nuestros servicios y facilitar sus datos personales despu\u00e9s de dichas modificaciones, usted da su consentimiento a las mismas.  <\/p>\n\n<h3 class=\"wp-block-heading\">10. Responsabilidad<\/h3>\n\n<p><em>Made4It <\/em>prev\u00e9 la responsabilidad de los agentes que act\u00faan en los procesos de tratamiento de datos, de conformidad con los art\u00edculos 42 a 45 de la Ley General de Protecci\u00f3n de Datos.<\/p>\n\n<p>Nos comprometemos a mantener actualizada la presente Pol\u00edtica de Privacidad, observando sus disposiciones y velando por su cumplimiento.<\/p>\n\n<p>Tambi\u00e9n nos comprometemos a encontrar las condiciones t\u00e9cnicas y organizativas que protejan todo el proceso de tratamiento de datos.<\/p>\n\n<p>En el caso de que la Autoridad Nacional de Protecci\u00f3n de Datos requiera la adopci\u00f3n de medidas en relaci\u00f3n con el tratamiento de datos realizado por <em>Made4It, <\/em>nos comprometemos a seguirlas.  <\/p>\n\n<h4 class=\"wp-block-heading\">10.1 Exenci\u00f3n de responsabilidad<\/h4>\n\n<p>Como se menciona en el Tema 6, aunque adoptamos elevadas normas de seguridad para prevenir incidentes, ning\u00fan sitio web est\u00e1 totalmente libre de riesgos. En este sentido, Made4It no se hace responsable de:<\/p>\n\n<p>I &#8211; Las consecuencias derivadas de negligencia, imprudencia o mala praxis de los usuarios en relaci\u00f3n con sus datos individuales. Garantizamos y somos los \u00fanicos responsables de la seguridad de los procesos de tratamiento de datos y del cumplimiento de las finalidades descritas en este instrumento.<\/p>\n\n<p>Insistimos en que la responsabilidad de la confidencialidad de los datos de acceso recae en el usuario.<\/p>\n\n<p>II &#8211; Acciones malintencionadas de terceros, como ataques <em>de piratas inform\u00e1ticos<\/em>, a menos que se demuestre un comportamiento culpable o deliberado por parte de <em>Made4It<\/em>.<\/p>\n\n<p>Queremos destacar que en caso de incidentes de seguridad que puedan generar un riesgo o da\u00f1o significativo para usted o cualquiera de nuestros usuarios\/clientes, notificaremos el incidente a los afectados y a la Autoridad Nacional de Protecci\u00f3n de Datos y tomaremos las medidas necesarias.<\/p>\n\n<p>III &#8211; Inexactitud de la informaci\u00f3n introducida por el usuario\/cliente en los registros necesarios para utilizar los servicios de <em>Made4It<\/em>; cualquier consecuencia derivada de la falsedad o mala fe de la informaci\u00f3n introducida ser\u00e1 responsabilidad exclusiva del usuario\/cliente.<\/p>\n\n<h3 class=\"wp-block-heading\">11. 11. Responsable de la protecci\u00f3n de datos<\/h3>\n\n<p><em>Made4It<\/em> pone a su disposici\u00f3n los siguientes medios para que pueda ponerse en contacto con nosotros para ejercer sus derechos como titular: marketing@made4it.com.br.<\/p>\n\n<p>Si tiene alguna pregunta sobre esta Pol\u00edtica de Privacidad o sobre los datos personales que tratamos, puede ponerse en contacto con nuestro Responsable de Protecci\u00f3n de Datos Personales a trav\u00e9s de los siguientes canales:<\/p>\n\n<p>Made4It<\/p>\n\n<p>marketing@made4it.com.br<\/p>\n","protected":false},"excerpt":{"rendered":"<p>Pol\u00edtica de privacidad En MADE4IT SOLUCOES EM TI LTDA, la privacidad y la seguridad son prioridades y estamos comprometidos con la transparencia en el tratamiento de los datos personales de nuestros usuarios\/clientes. Por lo tanto, esta Pol\u00edtica de Privacidad establece c\u00f3mo recogemos, utilizamos y transferimos la informaci\u00f3n de los clientes u otras personas que acceden [&hellip;]<\/p>\n","protected":false},"author":13,"featured_media":0,"parent":0,"menu_order":0,"comment_status":"closed","ping_status":"closed","template":"elementor_canvas","meta":{"postBodyCss":"","postBodyMargin":[],"postBodyPadding":[],"postBodyBackground":{"backgroundType":"classic","gradient":""},"footnotes":""},"class_list":["post-13375","page","type-page","status-publish","hentry"],"aioseo_notices":[],"_links":{"self":[{"href":"https:\/\/made4it.com.br\/es\/wp-json\/wp\/v2\/pages\/13375","targetHints":{"allow":["GET"]}}],"collection":[{"href":"https:\/\/made4it.com.br\/es\/wp-json\/wp\/v2\/pages"}],"about":[{"href":"https:\/\/made4it.com.br\/es\/wp-json\/wp\/v2\/types\/page"}],"author":[{"embeddable":true,"href":"https:\/\/made4it.com.br\/es\/wp-json\/wp\/v2\/users\/13"}],"replies":[{"embeddable":true,"href":"https:\/\/made4it.com.br\/es\/wp-json\/wp\/v2\/comments?post=13375"}],"version-history":[{"count":3,"href":"https:\/\/made4it.com.br\/es\/wp-json\/wp\/v2\/pages\/13375\/revisions"}],"predecessor-version":[{"id":13378,"href":"https:\/\/made4it.com.br\/es\/wp-json\/wp\/v2\/pages\/13375\/revisions\/13378"}],"wp:attachment":[{"href":"https:\/\/made4it.com.br\/es\/wp-json\/wp\/v2\/media?parent=13375"}],"curies":[{"name":"wp","href":"https:\/\/api.w.org\/{rel}","templated":true}]}}