{"id":11664,"date":"2023-02-24T14:07:09","date_gmt":"2023-02-24T17:07:09","guid":{"rendered":"https:\/\/made4it.com.br\/exito\/"},"modified":"2023-03-08T10:16:45","modified_gmt":"2023-03-08T13:16:45","slug":"exito","status":"publish","type":"page","link":"https:\/\/made4it.com.br\/es\/exito\/","title":{"rendered":"\u00c9xito"},"content":{"rendered":"\t\t<div data-elementor-type=\"wp-page\" data-elementor-id=\"11664\" class=\"elementor elementor-11664 elementor-10799\" data-elementor-post-type=\"page\">\n\t\t\t\t\t\t<section class=\"elementor-section elementor-top-section elementor-element elementor-element-2a381c50 elementor-section-boxed elementor-section-height-default elementor-section-height-default\" data-id=\"2a381c50\" data-element_type=\"section\" data-settings=\"{&quot;background_background&quot;:&quot;classic&quot;}\">\n\t\t\t\t\t\t\t<div class=\"elementor-background-overlay\"><\/div>\n\t\t\t\t\t\t\t<div class=\"elementor-container elementor-column-gap-default\">\n\t\t\t\t\t<div class=\"elementor-column elementor-col-100 elementor-top-column elementor-element elementor-element-4b16233d\" data-id=\"4b16233d\" data-element_type=\"column\">\n\t\t\t<div class=\"elementor-widget-wrap elementor-element-populated\">\n\t\t\t\t\t\t<section class=\"elementor-section elementor-inner-section elementor-element elementor-element-23c887e7 elementor-section-boxed elementor-section-height-default elementor-section-height-default\" data-id=\"23c887e7\" data-element_type=\"section\">\n\t\t\t\t\t\t<div class=\"elementor-container elementor-column-gap-wide\">\n\t\t\t\t\t<div class=\"elementor-column elementor-col-100 elementor-inner-column elementor-element elementor-element-3d5a3a16\" data-id=\"3d5a3a16\" data-element_type=\"column\">\n\t\t\t<div class=\"elementor-widget-wrap elementor-element-populated\">\n\t\t\t\t\t\t<div class=\"elementor-element elementor-element-4f55bd4a elementor-widget elementor-widget-image\" data-id=\"4f55bd4a\" data-element_type=\"widget\" data-widget_type=\"image.default\">\n\t\t\t\t<div class=\"elementor-widget-container\">\n\t\t\t\t\t\t\t\t\t\t\t\t\t<img fetchpriority=\"high\" decoding=\"async\" width=\"800\" height=\"245\" src=\"https:\/\/made4it.com.br\/wp-content\/uploads\/2023\/01\/logotipo-branco-1024x314.png\" class=\"attachment-large size-large wp-image-9445\" alt=\"\" srcset=\"https:\/\/made4it.com.br\/wp-content\/uploads\/2023\/01\/logotipo-branco-1024x314.png 1024w, https:\/\/made4it.com.br\/wp-content\/uploads\/2023\/01\/logotipo-branco-300x92.png 300w, https:\/\/made4it.com.br\/wp-content\/uploads\/2023\/01\/logotipo-branco-768x235.png 768w, https:\/\/made4it.com.br\/wp-content\/uploads\/2023\/01\/logotipo-branco.png 1296w\" sizes=\"(max-width: 800px) 100vw, 800px\" \/>\t\t\t\t\t\t\t\t\t\t\t\t\t<\/div>\n\t\t\t\t<\/div>\n\t\t\t\t<div class=\"elementor-element elementor-element-181f0aa2 elementor-widget elementor-widget-heading\" data-id=\"181f0aa2\" data-element_type=\"widget\" data-widget_type=\"heading.default\">\n\t\t\t\t<div class=\"elementor-widget-container\">\n\t\t\t<h2 class=\"elementor-heading-title elementor-size-default\">registro efectuado con \u00e9xito<\/h2>\t\t<\/div>\n\t\t\t\t<\/div>\n\t\t\t\t<div class=\"elementor-element elementor-element-717ec8ab elementor-widget elementor-widget-text-editor\" data-id=\"717ec8ab\" data-element_type=\"widget\" data-widget_type=\"text-editor.default\">\n\t\t\t\t<div class=\"elementor-widget-container\">\n\t\t\t\t\t\t\t<p>Nuestros asesores se pondr\u00e1n en contacto con usted en breve.<\/p>\n\t\t\t\t\t\t<\/div>\n\t\t\t\t<\/div>\n\t\t\t\t\t<\/div>\n\t\t<\/div>\n\t\t\t\t\t<\/div>\n\t\t<\/section>\n\t\t\t\t\t<\/div>\n\t\t<\/div>\n\t\t\t\t\t<\/div>\n\t\t<\/section>\n\t\t\t\t<section class=\"elementor-section elementor-top-section elementor-element elementor-element-50a5b43d elementor-section-boxed elementor-section-height-default elementor-section-height-default\" data-id=\"50a5b43d\" data-element_type=\"section\" data-settings=\"{&quot;background_background&quot;:&quot;classic&quot;}\">\n\t\t\t\t\t\t<div class=\"elementor-container elementor-column-gap-custom\">\n\t\t\t\t\t<div class=\"elementor-column elementor-col-25 elementor-top-column elementor-element elementor-element-30c622b2\" data-id=\"30c622b2\" data-element_type=\"column\">\n\t\t\t<div class=\"elementor-widget-wrap elementor-element-populated\">\n\t\t\t\t\t\t<div class=\"elementor-element elementor-element-2eb1969 elementor-widget elementor-widget-ova_logo\" data-id=\"2eb1969\" data-element_type=\"widget\" data-widget_type=\"ova_logo.default\">\n\t\t\t\t<div class=\"elementor-widget-container\">\n\t\t\t\n\t\t<div class=\"brand_el\">\n\n\t\t\t\t\t\t\t\t\t\t\t<a href=\"https:\/\/made4it.com.br\/es\/ \"   >\n\t\t\t\n\t\t\t\t<img decoding=\"async\" src=\"http:\/\/made4it.com.br\/wp-content\/uploads\/2022\/03\/logotipo-branco.png\" \n\t\t\t\t\talt=\"Made4It\" \n\t\t\t\t\tclass=\"logo_desktop\" \n\t\t\t\t\tstyle=\"width:auto ; height:41px\" \n\t\t\t\t\/>\n\n\t\t\t\t<img decoding=\"async\" src=\"http:\/\/made4it.com.br\/wp-content\/uploads\/2022\/03\/logotipo-branco.png\" \n\t\t\t\t\talt=\"Made4It\" \n\t\t\t\t\tclass=\"logo_mobile\" \n\t\t\t\t\tstyle=\"width:197px ;  height:64px\" \n\t\t\t\t\/>\n\n\t\t\t\t<img decoding=\"async\" src=\"http:\/\/made4it.com.br\/wp-content\/uploads\/2022\/03\/logotipo-branco.png\" \n\t\t\t\t\talt=\"Made4It\" \n\t\t\t\t\tclass=\"logo_sticky\" \n\t\t\t\t\tstyle=\"width:auto ; height:41px\" \n\t\t\t\t\/>\n\n\t\t\t\t\t\t\t<\/a>\n\t\t\t\n\t\t<\/div>\n\n\t\t\t\t<\/div>\n\t\t\t\t<\/div>\n\t\t\t\t<div class=\"elementor-element elementor-element-7eb2ad2e elementor-widget elementor-widget-text-editor\" data-id=\"7eb2ad2e\" data-element_type=\"widget\" data-widget_type=\"text-editor.default\">\n\t\t\t\t<div class=\"elementor-widget-container\">\n\t\t\t\t\t\t\t<p>Made4it surge para satisfacer las necesidades del mercado, que viene demandando cada vez m\u00e1s soluciones personalizadas.<\/p>\n\t\t\t\t\t\t<\/div>\n\t\t\t\t<\/div>\n\t\t\t\t<div class=\"elementor-element elementor-element-2cf94d72 elementor-shape-circle elementor-grid-5 e-grid-align-left e-grid-align-mobile-center elementor-widget elementor-widget-social-icons\" data-id=\"2cf94d72\" data-element_type=\"widget\" data-widget_type=\"social-icons.default\">\n\t\t\t\t<div class=\"elementor-widget-container\">\n\t\t\t\t\t<div class=\"elementor-social-icons-wrapper elementor-grid\">\n\t\t\t\t\t\t\t<span class=\"elementor-grid-item\">\n\t\t\t\t\t<a class=\"elementor-icon elementor-social-icon elementor-social-icon-whatsapp elementor-repeater-item-41c6ca0\" href=\"https:\/\/api.whatsapp.com\/send?phone=5543984854013&#038;text=Oi\" target=\"_blank\">\n\t\t\t\t\t\t<span class=\"elementor-screen-only\">Whatsapp<\/span>\n\t\t\t\t\t\t<i class=\"fab fa-whatsapp\"><\/i>\t\t\t\t\t<\/a>\n\t\t\t\t<\/span>\n\t\t\t\t\t\t\t<span class=\"elementor-grid-item\">\n\t\t\t\t\t<a class=\"elementor-icon elementor-social-icon elementor-social-icon-facebook elementor-repeater-item-9f11722\" href=\"https:\/\/www.facebook.com\/made4itsolucoesemti\/\" target=\"_blank\">\n\t\t\t\t\t\t<span class=\"elementor-screen-only\">Facebook<\/span>\n\t\t\t\t\t\t<i class=\"fab fa-facebook\"><\/i>\t\t\t\t\t<\/a>\n\t\t\t\t<\/span>\n\t\t\t\t\t\t\t<span class=\"elementor-grid-item\">\n\t\t\t\t\t<a class=\"elementor-icon elementor-social-icon elementor-social-icon-youtube elementor-repeater-item-25cbc0a\" href=\"https:\/\/www.youtube.com\/channel\/UCDAV6jTkmMggNfa6WTa0JEw\" target=\"_blank\">\n\t\t\t\t\t\t<span class=\"elementor-screen-only\">Youtube<\/span>\n\t\t\t\t\t\t<i class=\"fab fa-youtube\"><\/i>\t\t\t\t\t<\/a>\n\t\t\t\t<\/span>\n\t\t\t\t\t\t\t<span class=\"elementor-grid-item\">\n\t\t\t\t\t<a class=\"elementor-icon elementor-social-icon elementor-social-icon-linkedin elementor-repeater-item-2a09ce2\" href=\"https:\/\/www.linkedin.com\/company\/made4it-solu%C3%A7%C3%B5es-em-ti\" target=\"_blank\">\n\t\t\t\t\t\t<span class=\"elementor-screen-only\">Linkedin<\/span>\n\t\t\t\t\t\t<i class=\"fab fa-linkedin\"><\/i>\t\t\t\t\t<\/a>\n\t\t\t\t<\/span>\n\t\t\t\t\t\t\t<span class=\"elementor-grid-item\">\n\t\t\t\t\t<a class=\"elementor-icon elementor-social-icon elementor-social-icon-instagram elementor-repeater-item-1d91c1e\" href=\"https:\/\/www.instagram.com\/made4it\/\" target=\"_blank\">\n\t\t\t\t\t\t<span class=\"elementor-screen-only\">Instagram<\/span>\n\t\t\t\t\t\t<i class=\"fab fa-instagram\"><\/i>\t\t\t\t\t<\/a>\n\t\t\t\t<\/span>\n\t\t\t\t\t<\/div>\n\t\t\t\t<\/div>\n\t\t\t\t<\/div>\n\t\t\t\t<div class=\"elementor-element elementor-element-7c796d70 elementor-widget elementor-widget-infetech_elementor_contact_info\" data-id=\"7c796d70\" data-element_type=\"widget\" data-widget_type=\"infetech_elementor_contact_info.default\">\n\t\t\t\t<div class=\"elementor-widget-container\">\n\t\t\t\t\t\t<div class=\"ova-contact-info template1\">\n\t\t\t\t\n\t\t\t\t\t\t\t\t\t\t\t\t\t    \t<div class=\"icon\">\n\t\t\t\t\t\t\t<i class=\"far fa-address-card\"><\/i>\n\t\t\t\t\t\t<\/div>\n\t\t\t\t\t\t\t\t    \t\t\t\t\n\t\t\t\t<div class=\"contact\">\n\t\t\t\t\t\n\t\t\t\t\t\n\t\t\t\t\t<ul class=\"info\">\n\t\t\t\t\t\t\n\t\t\t\t\t\t\t\t<li class=\"item\">\n\n\t\t\t\t\t\t\t\t\t<a href=\"https:\/\/made4it.rhgestor.com.br\/\" target=\"_blank\" title=\"Trabalhe Conosco \/ Carreiras\">Trabalhe Conosco \/ Carreiras<\/a>\t\t\t\t\t\t\t\t<\/li>\n\t\t\t\t\t\t\t\n\t\t\t\t\t\t\t\t\t\t\t<\/ul>\n\n\t\t\t\t<\/div>\n\n\t\t\t<\/div>\n\n\t\t\t\t<\/div>\n\t\t\t\t<\/div>\n\t\t\t\t\t<\/div>\n\t\t<\/div>\n\t\t\t\t<div class=\"elementor-column elementor-col-25 elementor-top-column elementor-element elementor-element-61713154\" data-id=\"61713154\" data-element_type=\"column\">\n\t\t\t<div class=\"elementor-widget-wrap elementor-element-populated\">\n\t\t\t\t\t\t<div class=\"elementor-element elementor-element-6451cd6b elementor-widget elementor-widget-infetech_elementor_heading\" data-id=\"6451cd6b\" data-element_type=\"widget\" data-widget_type=\"infetech_elementor_heading.default\">\n\t\t\t\t<div class=\"elementor-widget-container\">\n\t\t\t\n\t\t\t<div class=\"ova-heading\">\n\t\t\t\t\n\t\t\t\t\t\t\t\t\t<h2 class=\"sub-title\">\n\t\t\t\t\t\t<span class=\"underlined\"><\/span>\n\t\t\t\t\t\tLinks\t\t\t\t\t<\/h2>\t\n\t\t\t\t\n\t\t\t\t\n                \n\t\t\t<\/div>\n\n\t\t\t\t<\/div>\n\t\t\t\t<\/div>\n\t\t\t\t<div class=\"elementor-element elementor-element-88e0a63 elementor-widget elementor-widget-infetech_elementor_menu_footer\" data-id=\"88e0a63\" data-element_type=\"widget\" data-widget_type=\"infetech_elementor_menu_footer.default\">\n\t\t\t\t<div class=\"elementor-widget-container\">\n\t\t\t\t\t<div class=\"ova-menu-footer\">\n\t\t\t<ul id=\"menu-primary-menu-es\" class=\"menu\"><li id=\"menu-item-12857\" class=\"menu-item menu-item-type-custom menu-item-object-custom menu-item-has-children menu-item-12857\"><a href=\"https:\/\/made4it.com.br\/es\/#sobre\">Sobre nosotros<\/a>\n<ul class=\"sub-menu\">\n\t<li id=\"menu-item-12858\" class=\"menu-item menu-item-type-custom menu-item-object-custom menu-item-12858\"><a href=\"https:\/\/made4it.com.br\/es\/#certi\">Certificaciones<\/a><\/li>\n\t<li id=\"menu-item-12859\" class=\"menu-item menu-item-type-custom menu-item-object-custom menu-item-12859\"><a href=\"https:\/\/made4it.com.br\/es\/#parc\">Socios<\/a><\/li>\n<\/ul>\n<\/li>\n<li id=\"menu-item-12860\" class=\"menu-item menu-item-type-custom menu-item-object-custom menu-item-12860\"><a href=\"https:\/\/made4it.com.br\/es\/#servicos\">Servicios<\/a><\/li>\n<li id=\"menu-item-12861\" class=\"menu-item menu-item-type-custom menu-item-object-custom menu-item-12861\"><a href=\"https:\/\/made4it.com.br\/es\/#produtos\">Productos<\/a><\/li>\n<li id=\"menu-item-12862\" class=\"menu-item menu-item-type-custom menu-item-object-custom menu-item-12862\"><a href=\"https:\/\/made4it.com.br\/es\/#cursos\">Cursos | Entrenamientos<\/a><\/li>\n<li id=\"menu-item-9941\" class=\"menu-item menu-item-type-post_type menu-item-object-page current_page_parent menu-item-9941\"><a href=\"https:\/\/made4it.com.br\/es\/blog\/\">Blog<\/a><\/li>\n<li id=\"menu-item-12863\" class=\"menu-item menu-item-type-custom menu-item-object-custom menu-item-12863\"><a href=\"https:\/\/made4it.com.br\/es\/#contato\">Contacto<\/a><\/li>\n<li id=\"menu-item-12864\" class=\"menu-item menu-item-type-custom menu-item-object-custom menu-item-12864\"><a href=\"https:\/\/made4it.com.br\/es\/#suporte\">Soporte<\/a><\/li>\n<\/ul>\t\t<\/div>\n\n\t\t\t\t<\/div>\n\t\t\t\t<\/div>\n\t\t\t\t\t<\/div>\n\t\t<\/div>\n\t\t\t\t<div class=\"elementor-column elementor-col-25 elementor-top-column elementor-element elementor-element-494e2837\" data-id=\"494e2837\" data-element_type=\"column\">\n\t\t\t<div class=\"elementor-widget-wrap elementor-element-populated\">\n\t\t\t\t\t\t<div class=\"elementor-element elementor-element-54c50717 elementor-widget elementor-widget-infetech_elementor_heading\" data-id=\"54c50717\" data-element_type=\"widget\" data-widget_type=\"infetech_elementor_heading.default\">\n\t\t\t\t<div class=\"elementor-widget-container\">\n\t\t\t\n\t\t\t<div class=\"ova-heading\">\n\t\t\t\t\n\t\t\t\t\t\t\t\t\t<h2 class=\"sub-title\">\n\t\t\t\t\t\t<span class=\"underlined\"><\/span>\n\t\t\t\t\t\tNewsletter\t\t\t\t\t<\/h2>\t\n\t\t\t\t\n\t\t\t\t\n                \n\t\t\t<\/div>\n\n\t\t\t\t<\/div>\n\t\t\t\t<\/div>\n\t\t\t\t<div class=\"elementor-element elementor-element-5cfa25a6 elementor-widget elementor-widget-text-editor\" data-id=\"5cfa25a6\" data-element_type=\"widget\" data-widget_type=\"text-editor.default\">\n\t\t\t\t<div class=\"elementor-widget-container\">\n\t\t\t\t\t\t\t<p>Reg\u00edstrese para recibir noticias.<\/p>\n\t\t\t\t\t\t<\/div>\n\t\t\t\t<\/div>\n\t\t\t\t<div class=\"elementor-element elementor-element-2d682c3 elementor-widget elementor-widget-shortcode\" data-id=\"2d682c3\" data-element_type=\"widget\" data-widget_type=\"shortcode.default\">\n\t\t\t\t<div class=\"elementor-widget-container\">\n\t\t\t\t\t<div class=\"elementor-shortcode\">\n          <script>(function() {\n\twindow.mc4wp = window.mc4wp || {\n\t\tlisteners: [],\n\t\tforms: {\n\t\t\ton: function(evt, cb) {\n\t\t\t\twindow.mc4wp.listeners.push(\n\t\t\t\t\t{\n\t\t\t\t\t\tevent   : evt,\n\t\t\t\t\t\tcallback: cb\n\t\t\t\t\t}\n\t\t\t\t);\n\t\t\t}\n\t\t}\n\t}\n})();\n<\/script><!-- Mailchimp for WordPress v4.10.1 - https:\/\/wordpress.org\/plugins\/mailchimp-for-wp\/ --><form id=\"mc4wp-form-1\" class=\"mc4wp-form mc4wp-form-10115\" method=\"post\" data-id=\"10115\" data-name=\"Bolet\u00edn\" ><div class=\"mc4wp-form-fields\"><div class=\"ova-subscribe-form-wrapper \">\n   <div class=\"ova-subscribe-form\">\n       <input type=\"email\" name=\"EMAIL\" placeholder=\"Introduzca su direcci\u00f3n de correo electr\u00f3nico\" required=\"\">\n       <button type=\"submit\" value=\"\">\n          <i class=\"flaticon flaticon-send\"><\/i>\n       <\/button>\n   <\/div>\n  \n   <label>\n      <input name=\"AGREE_TO_TERMS\" type=\"radio\" value=\"1\" required=\"\">\n      \n  Acepto recibir informaci\u00f3n actualizada sobre Made4It\n      \n   <\/label>\n<\/div><\/div><label style=\"display: none !important;\">Deja vac\u00edo este campo si eres humano: <input type=\"text\" name=\"_mc4wp_honeypot\" value=\"\" tabindex=\"-1\" autocomplete=\"off\" \/><\/label><input type=\"hidden\" name=\"_mc4wp_timestamp\" value=\"1775690092\" \/><input type=\"hidden\" name=\"_mc4wp_form_id\" value=\"10115\" \/><input type=\"hidden\" name=\"_mc4wp_form_element_id\" value=\"mc4wp-form-1\" \/><div class=\"mc4wp-response\"><\/div><\/form><!-- \/ Mailchimp for WordPress Plugin -->\n        <\/div>\n\t\t\t\t<\/div>\n\t\t\t\t<\/div>\n\t\t\t\t\t<\/div>\n\t\t<\/div>\n\t\t\t\t<div class=\"elementor-column elementor-col-25 elementor-top-column elementor-element elementor-element-41582590\" data-id=\"41582590\" data-element_type=\"column\">\n\t\t\t<div class=\"elementor-widget-wrap elementor-element-populated\">\n\t\t\t\t\t\t<div class=\"elementor-element elementor-element-238e3e6a elementor-widget elementor-widget-infetech_elementor_heading\" data-id=\"238e3e6a\" data-element_type=\"widget\" data-widget_type=\"infetech_elementor_heading.default\">\n\t\t\t\t<div class=\"elementor-widget-container\">\n\t\t\t\n\t\t\t<div class=\"ova-heading\">\n\t\t\t\t\n\t\t\t\t\t\t\t\t\t<h2 class=\"sub-title\">\n\t\t\t\t\t\t<span class=\"underlined\"><\/span>\n\t\t\t\t\t\tContatos\t\t\t\t\t<\/h2>\t\n\t\t\t\t\n\t\t\t\t\n                \n\t\t\t<\/div>\n\n\t\t\t\t<\/div>\n\t\t\t\t<\/div>\n\t\t\t\t<div class=\"elementor-element elementor-element-5176bc19 elementor-widget elementor-widget-infetech_elementor_contact_info\" data-id=\"5176bc19\" data-element_type=\"widget\" data-widget_type=\"infetech_elementor_contact_info.default\">\n\t\t\t\t<div class=\"elementor-widget-container\">\n\t\t\t\t\t\t<div class=\"ova-contact-info template1\">\n\t\t\t\t\n\t\t\t\t\t\t\t\t\t\t\t\t\t    \t<div class=\"icon\">\n\t\t\t\t\t\t\t<i class=\"flaticon flaticon-telephone-call\"><\/i>\n\t\t\t\t\t\t<\/div>\n\t\t\t\t\t\t\t\t    \t\t\t\t\n\t\t\t\t<div class=\"contact\">\n\t\t\t\t\t\n\t\t\t\t\t\n\t\t\t\t\t<ul class=\"info\">\n\t\t\t\t\t\t\n\t\t\t\t\t\t\t\t<li class=\"item\">\n\n\t\t\t\t\t\t\t\t\t<a href=\"https:\/\/api.whatsapp.com\/send?phone=4330478300\" target=\"_blank\" title=\"(43) 3047-8300\">(43) 3047-8300<\/a>\t\t\t\t\t\t\t\t<\/li>\n\t\t\t\t\t\t\t\n\t\t\t\t\t\t\t\t\t\t\t<\/ul>\n\n\t\t\t\t<\/div>\n\n\t\t\t<\/div>\n\n\t\t\t\t<\/div>\n\t\t\t\t<\/div>\n\t\t\t\t<div class=\"elementor-element elementor-element-63821d44 elementor-widget elementor-widget-infetech_elementor_contact_info\" data-id=\"63821d44\" data-element_type=\"widget\" data-widget_type=\"infetech_elementor_contact_info.default\">\n\t\t\t\t<div class=\"elementor-widget-container\">\n\t\t\t\t\t\t<div class=\"ova-contact-info template1\">\n\t\t\t\t\n\t\t\t\t\t\t\t\t\t\t\t\t\t    \t<div class=\"icon\">\n\t\t\t\t\t\t\t<i class=\"flaticon flaticon-email\"><\/i>\n\t\t\t\t\t\t<\/div>\n\t\t\t\t\t\t\t\t    \t\t\t\t\n\t\t\t\t<div class=\"contact\">\n\t\t\t\t\t\n\t\t\t\t\t\n\t\t\t\t\t<ul class=\"info\">\n\t\t\t\t\t\t\n\t\t\t\t\t\t\t\t<li class=\"item\">\n\n\t\t\t\t\t\t\t\t\t\t\t\t\t\t\t\t\t\t\t\t\t<a href=\"mailto:comercial@made4it.com.br \" title=\"address\">\n\t\t\t\t\t\t\t\t\t\t\t\t\tcomercial@made4it.com.br\t\t\t\t\t\t\t\t\t\t\t\t<\/a>\n\t\t\t\t\t\t\t\t\t\t\t\t\t\t\t\t\t\t\t<\/li>\n\t\t\t\t\t\t\t\n\t\t\t\t\t\t\t\t\t\t\t<\/ul>\n\n\t\t\t\t<\/div>\n\n\t\t\t<\/div>\n\n\t\t\t\t<\/div>\n\t\t\t\t<\/div>\n\t\t\t\t<div class=\"elementor-element elementor-element-69948ea7 elementor-widget elementor-widget-infetech_elementor_contact_info\" data-id=\"69948ea7\" data-element_type=\"widget\" data-widget_type=\"infetech_elementor_contact_info.default\">\n\t\t\t\t<div class=\"elementor-widget-container\">\n\t\t\t\t\t\t<div class=\"ova-contact-info template1\">\n\t\t\t\t\n\t\t\t\t\t\t\t\t\t\t\t\t\t    \t<div class=\"icon\">\n\t\t\t\t\t\t\t<i class=\"fas fa-map-marker-alt\"><\/i>\n\t\t\t\t\t\t<\/div>\n\t\t\t\t\t\t\t\t    \t\t\t\t\n\t\t\t\t<div class=\"contact\">\n\t\t\t\t\t\n\t\t\t\t\t\n\t\t\t\t\t<ul class=\"info\">\n\t\t\t\t\t\t\n\t\t\t\t\t\t\t\t<li class=\"item\">\n\n\t\t\t\t\t\t\t\t\t<a href=\"https:\/\/goo.gl\/maps\/Q5N15jfF9cBiqabL9\" target=\"_blank\" title=\"Av. Curitiba, 800 - Centro, Apucarana - PR\">Av. Curitiba, 800 - Centro, Apucarana - PR<\/a>\t\t\t\t\t\t\t\t<\/li>\n\t\t\t\t\t\t\t\n\t\t\t\t\t\t\t\t\t\t\t<\/ul>\n\n\t\t\t\t<\/div>\n\n\t\t\t<\/div>\n\n\t\t\t\t<\/div>\n\t\t\t\t<\/div>\n\t\t\t\t\t<\/div>\n\t\t<\/div>\n\t\t\t\t\t<\/div>\n\t\t<\/section>\n\t\t\t\t<\/div>\n\t\t","protected":false},"excerpt":{"rendered":"<p>registro efectuado con \u00e9xito Nuestros asesores se pondr\u00e1n en contacto con usted en breve. Made4it surge para satisfacer las necesidades del mercado, que viene demandando cada vez m\u00e1s soluciones personalizadas. Whatsapp Facebook Youtube Linkedin Instagram Trabalhe Conosco \/ Carreiras Links Home Sobre N\u00f3s Certifica\u00e7\u00f5es Parceiros Servi\u00e7os Produtos Blog Contato Suporte Newsletter Reg\u00edstrese para recibir noticias. [&hellip;]<\/p>\n","protected":false},"author":13,"featured_media":0,"parent":0,"menu_order":0,"comment_status":"closed","ping_status":"closed","template":"elementor_canvas","meta":{"postBodyCss":"","postBodyMargin":[],"postBodyPadding":[],"postBodyBackground":{"backgroundType":"classic","gradient":""},"footnotes":""},"class_list":["post-11664","page","type-page","status-publish","hentry"],"aioseo_notices":[],"_links":{"self":[{"href":"https:\/\/made4it.com.br\/es\/wp-json\/wp\/v2\/pages\/11664","targetHints":{"allow":["GET"]}}],"collection":[{"href":"https:\/\/made4it.com.br\/es\/wp-json\/wp\/v2\/pages"}],"about":[{"href":"https:\/\/made4it.com.br\/es\/wp-json\/wp\/v2\/types\/page"}],"author":[{"embeddable":true,"href":"https:\/\/made4it.com.br\/es\/wp-json\/wp\/v2\/users\/13"}],"replies":[{"embeddable":true,"href":"https:\/\/made4it.com.br\/es\/wp-json\/wp\/v2\/comments?post=11664"}],"version-history":[{"count":0,"href":"https:\/\/made4it.com.br\/es\/wp-json\/wp\/v2\/pages\/11664\/revisions"}],"wp:attachment":[{"href":"https:\/\/made4it.com.br\/es\/wp-json\/wp\/v2\/media?parent=11664"}],"curies":[{"name":"wp","href":"https:\/\/api.w.org\/{rel}","templated":true}]}}