{"id":10703,"date":"2023-02-23T11:57:02","date_gmt":"2023-02-23T14:57:02","guid":{"rendered":"http:\/\/made4it.com.br\/anti-ddos\/"},"modified":"2023-03-08T08:26:13","modified_gmt":"2023-03-08T11:26:13","slug":"anti-ddos","status":"publish","type":"page","link":"https:\/\/made4it.com.br\/es\/anti-ddos\/","title":{"rendered":"Anti-DDoS"},"content":{"rendered":"<ul>\n<li tabindex=\"0\">\n\t\t\t<a href=\"#\"><br \/>\n                                                    <img decoding=\"async\"\n            src=\"https:\/\/made4it.com.br\/wp-content\/plugins\/sitepress-multilingual-cms\/res\/flags\/pt-br.png\"\n            alt=\"\"\n            width=18\n            height=12\n    \/>Portugu\u00eas<\/a><\/p>\n<ul>\n<li>\n\t\t\t\t\t\t<a href=\"http:\/\/made4it.com.br\/en\/\"><br \/>\n                                                                <img decoding=\"async\"\n            src=\"https:\/\/made4it.com.br\/wp-content\/plugins\/sitepress-multilingual-cms\/res\/flags\/en.png\"\n            alt=\"\"\n            width=18\n            height=12\n    \/>English<\/a>\n\t\t\t\t\t<\/li>\n<li>\n\t\t\t\t\t\t<a href=\"https:\/\/made4it.com.br\/es\/\"><br \/>\n                                                                <img decoding=\"async\"\n            src=\"https:\/\/made4it.com.br\/wp-content\/plugins\/sitepress-multilingual-cms\/res\/flags\/es.png\"\n            alt=\"\"\n            width=18\n            height=12\n    \/>Espa\u00f1ol<\/a>\n\t\t\t\t\t<\/li>\n<\/ul>\n<\/li>\n<\/ul>\n<style>\/*! elementor - v3.11.3 - 07-03-2023 *\/\n.elementor-widget-image{text-align:center}.elementor-widget-image a{display:inline-block}.elementor-widget-image a img[src$=\".svg\"]{width:48px}.elementor-widget-image img{vertical-align:middle;display:inline-block}<\/style>\n<p>\t\t\t\t\t\t\t\t\t\t\t\t<img loading=\"lazy\" decoding=\"async\" width=\"800\" height=\"198\" src=\"https:\/\/made4it.com.br\/wp-content\/uploads\/2023\/02\/made4flow_br-1024x254.png\" alt=\"\" loading=\"lazy\" srcset=\"https:\/\/made4it.com.br\/wp-content\/uploads\/2023\/02\/made4flow_br-1024x254.png 1024w, https:\/\/made4it.com.br\/wp-content\/uploads\/2023\/02\/made4flow_br-300x74.png 300w, https:\/\/made4it.com.br\/wp-content\/uploads\/2023\/02\/made4flow_br-768x191.png 768w, https:\/\/made4it.com.br\/wp-content\/uploads\/2023\/02\/made4flow_br-1536x381.png 1536w, https:\/\/made4it.com.br\/wp-content\/uploads\/2023\/02\/made4flow_br.png 1970w\" sizes=\"auto, (max-width: 800px) 100vw, 800px\" \/>\t\t\t\t\t\t\t\t\t\t\t\t\t\t\t<\/p>\n<style>\/*! elementor - v3.11.3 - 07-03-2023 *\/\n.elementor-heading-title{padding:0;margin:0;line-height:1}.elementor-widget-heading .elementor-heading-title[class*=elementor-size-]>a{color:inherit;font-size:inherit;line-height:inherit}.elementor-widget-heading .elementor-heading-title.elementor-size-small{font-size:15px}.elementor-widget-heading .elementor-heading-title.elementor-size-medium{font-size:19px}.elementor-widget-heading .elementor-heading-title.elementor-size-large{font-size:29px}.elementor-widget-heading .elementor-heading-title.elementor-size-xl{font-size:39px}.elementor-widget-heading .elementor-heading-title.elementor-size-xxl{font-size:59px}<\/style>\n<h2>Anti-DDoS<\/h2>\n<p>\n            <strong>\u00bfQuiere proteger su red contra ataques DDoS?<\/strong>\n          <\/p>\n<p>\u00bfQu\u00e9 hace para identificar ataques y proteger su red? \u00a1Comprenda c\u00f3mo la nueva funcionalidad de Made4Flow lo salvar\u00e1 de los ataques DDoS!<\/p>\n<p>Rellena el formulario y accede a la versi\u00f3n demo.<\/p>\n<style>\/*! elementor - v3.11.3 - 07-03-2023 *\/\nbody.elementor-page .elementor-widget-menu-anchor{margin-bottom:0}<\/style>\n<h2>SIN ANTI-DDOS<\/h2>\n<h2>CON ANTI-DDOS<\/h2>\n<link rel=\"stylesheet\" href=\"https:\/\/made4it.com.br\/wp-content\/plugins\/elementor\/assets\/css\/widget-icon-box.min.css\">\n<h3>\n\t\t\t\t\t\tRed desprotegida<br \/>\n\t\t\t\t<\/h3>\n<h3>\n\t\t\t\t\t\tRed protegida con una soluci\u00f3n inteligente y automatizada<br \/>\n\t\t\t\t<\/h3>\n<h3>\n\t\t\t\t\t\tRed expuesta a constantes ataques DDoS<br \/>\n\t\t\t\t<\/h3>\n<h3>\n\t\t\t\t\t\tHerramienta que identifica y automatiza acciones de protecci\u00f3n<br \/>\n\t\t\t\t<\/h3>\n<h3>\n\t\t\t\t\t\tClientes que no pueden usar su servicio<br \/>\n\t\t\t\t<\/h3>\n<h3>\n\t\t\t\t\t\tAcceso a informaci\u00f3n concreta sobre el ataque<br \/>\n\t\t\t\t<\/h3>\n<h3>\n\t\t\t\t\t\tSoporte perdiendo el tiempo tratando de evitar ataques<br \/>\n\t\t\t\t<\/h3>\n<h3>\n\t\t\t\t\t\tTus servicios siempre disponibles para tus clientes<br \/>\n\t\t\t\t<\/h3>\n<h3>\n\t\t\t\t\t\tEst\u00e1s cansado y preocupado todo el tiempo por la seguridad de tu red<br \/>\n\t\t\t\t<\/h3>\n<h3>\n\t\t\t\t\t\tPoder dormir tranquilo sabiendo que tu red est\u00e1 protegida de ataques DDoS<br \/>\n\t\t\t\t<\/h3>\n<h2>\u00a1Hazle la vida m\u00e1s f\u00e1cil a tu Soporte!<br \/>\n<\/h2>\n<p>\u00bfCansado de escuchar <strong>las quejas<\/strong> de sus clientes <strong>sin saber qu\u00e9 sucede en su red?<\/strong><br \/>Siempre que ocurre un problema, \u00bfsolo te quedas en el <strong>\u201csuposici\u00f3n\u201d?<\/strong><br \/>\u00a1Obtenga informaci\u00f3n en una interfaz f\u00e1cil de entender con Made4Flow! Tenga el control total de su red en sus manos.<\/p>\n<p>Y ahora, en su nueva versi\u00f3n, nuestro Software <strong>protege a tu proveedor de ataques DDoS!!<\/strong><\/p>\n<p>\t\t\t<a href=\"https:\/\/demo.made4flow.com.br\/\" target=\"_blank\" role=\"button\" rel=\"noopener\"><br \/>\n\t\t\t\t\t\tAccede a la versi\u00f3n demo<br \/>\n\t\t\t\t\t<\/a><br \/>\n\t\t\t\t\t\t\t\t\t\t\t\t\t\t\t<img loading=\"lazy\" decoding=\"async\" width=\"800\" height=\"638\" src=\"https:\/\/made4it.com.br\/wp-content\/uploads\/2023\/02\/2-1.gif\" alt=\"\" loading=\"lazy\" \/><br \/>\n\t\t\t\t\t\t\t\t\t\t\t\t\t\t\t<img loading=\"lazy\" decoding=\"async\" width=\"800\" height=\"800\" src=\"https:\/\/made4it.com.br\/wp-content\/uploads\/2023\/02\/anti-ddos.jpg\" alt=\"\" loading=\"lazy\" srcset=\"https:\/\/made4it.com.br\/wp-content\/uploads\/2023\/02\/anti-ddos.jpg 800w, https:\/\/made4it.com.br\/wp-content\/uploads\/2023\/02\/anti-ddos-300x300.jpg 300w, https:\/\/made4it.com.br\/wp-content\/uploads\/2023\/02\/anti-ddos-150x150.jpg 150w, https:\/\/made4it.com.br\/wp-content\/uploads\/2023\/02\/anti-ddos-768x768.jpg 768w, https:\/\/made4it.com.br\/wp-content\/uploads\/2023\/02\/anti-ddos-600x600.jpg 600w\" sizes=\"auto, (max-width: 800px) 100vw, 800px\" \/><br \/>\n\t\t\t<a href=\"https:\/\/demo.made4flow.com.br\/\" target=\"_blank\" role=\"button\" rel=\"noopener\"><br \/>\n\t\t\t\t\t\tAccede a la versi\u00f3n demo<br \/>\n\t\t\t\t\t<\/a><\/p>\n<p>\n            <strong>Los beneficios anti-DDoS para los ISP incluyen:<\/strong>\n          <\/p>\n<ul>\n<li><strong>Protecci\u00f3n contra ataques DDoS<\/strong>: Anti-DDoS ayuda a proteger al ISP y a sus clientes contra ataques DDoS, que pueden causar interrupciones en el servicio y afectar la reputaci\u00f3n del ISP.<\/li>\n<li><strong>Mayor disponibilidad del servicio<\/strong>: con la protecci\u00f3n anti-DDoS, los ISP pueden mantener sus servicios disponibles para sus clientes incluso durante los ataques DDoS.<\/li>\n<li><strong>Experiencia del cliente mejorada<\/strong>: con la disponibilidad constante del servicio, los clientes del ISP tienen una experiencia m\u00e1s satisfactoria, lo que puede conducir a una mayor lealtad del cliente y una reducci\u00f3n de la tasa de abandono (churn rate).<\/li>\n<li><strong>Ahorro de costes<\/strong>: Evitar las interrupciones del servicio y reparar los da\u00f1os causados \u200b\u200bpor los ataques DDoS puede resultar costoso para los ISP. Anti-DDoS puede ayudar a ahorrar dinero a largo plazo al reducir la necesidad de reparaciones y el tiempo de inactividad.<\/li>\n<li><strong>Monitoreo de tr\u00e1fico<\/strong>: las soluciones anti-DDoS a menudo incluyen capacidades de monitoreo de tr\u00e1fico en tiempo real, lo que permite a los ISP detectar y mitigar amenazas r\u00e1pidamente.<\/li>\n<\/ul>\n<p>\t\t\t\t\t\t\t\t\t\t\t<a href=\"https:\/\/made4it.com.br\/ \"   ><br \/>\n\t\t\t\t<img decoding=\"async\" src=\"https:\/\/made4it.com.br\/wp-content\/uploads\/2022\/03\/logotipo-branco.png\" \n\t\t\t\t\talt=\"Made4It\" \n\t\t\t\t\tclass=\"logo_desktop\" \n\t\t\t\t\tstyle=\"width:auto ; height:41px\" \n\t\t\t\t\/><br \/>\n\t\t\t\t<img decoding=\"async\" src=\"https:\/\/made4it.com.br\/wp-content\/uploads\/2022\/03\/logotipo-branco.png\" \n\t\t\t\t\talt=\"Made4It\" \n\t\t\t\t\tclass=\"logo_mobile\" \n\t\t\t\t\tstyle=\"width:197px ;  height:64px\" \n\t\t\t\t\/><br \/>\n\t\t\t\t<img decoding=\"async\" src=\"https:\/\/made4it.com.br\/wp-content\/uploads\/2022\/03\/logotipo-branco.png\" \n\t\t\t\t\talt=\"Made4It\" \n\t\t\t\t\tclass=\"logo_sticky\" \n\t\t\t\t\tstyle=\"width:auto ; height:41px\" \n\t\t\t\t\/><br \/>\n\t\t\t\t\t\t\t<\/a><\/p>\n<p>Made4it surge para satisfacer las necesidades del mercado, que viene demandando cada vez m\u00e1s soluciones personalizadas.<\/p>\n<style>\/*! elementor - v3.11.3 - 07-03-2023 *\/\n.elementor-widget-social-icons.elementor-grid-0 .elementor-widget-container,.elementor-widget-social-icons.elementor-grid-mobile-0 .elementor-widget-container,.elementor-widget-social-icons.elementor-grid-tablet-0 .elementor-widget-container{line-height:1;font-size:0}.elementor-widget-social-icons:not(.elementor-grid-0):not(.elementor-grid-tablet-0):not(.elementor-grid-mobile-0) .elementor-grid{display:inline-grid}.elementor-widget-social-icons .elementor-grid{grid-column-gap:var(--grid-column-gap,5px);grid-row-gap:var(--grid-row-gap,5px);grid-template-columns:var(--grid-template-columns);justify-content:var(--justify-content,center);justify-items:var(--justify-content,center)}.elementor-icon.elementor-social-icon{font-size:var(--icon-size,25px);line-height:var(--icon-size,25px);width:calc(var(--icon-size, 25px) + (2 * var(--icon-padding, .5em)));height:calc(var(--icon-size, 25px) + (2 * var(--icon-padding, .5em)))}.elementor-social-icon{--e-social-icon-icon-color:#fff;display:inline-flex;background-color:#818a91;align-items:center;justify-content:center;text-align:center;cursor:pointer}.elementor-social-icon i{color:var(--e-social-icon-icon-color)}.elementor-social-icon svg{fill:var(--e-social-icon-icon-color)}.elementor-social-icon:last-child{margin:0}.elementor-social-icon:hover{opacity:.9;color:#fff}.elementor-social-icon-android{background-color:#a4c639}.elementor-social-icon-apple{background-color:#999}.elementor-social-icon-behance{background-color:#1769ff}.elementor-social-icon-bitbucket{background-color:#205081}.elementor-social-icon-codepen{background-color:#000}.elementor-social-icon-delicious{background-color:#39f}.elementor-social-icon-deviantart{background-color:#05cc47}.elementor-social-icon-digg{background-color:#005be2}.elementor-social-icon-dribbble{background-color:#ea4c89}.elementor-social-icon-elementor{background-color:#d30c5c}.elementor-social-icon-envelope{background-color:#ea4335}.elementor-social-icon-facebook,.elementor-social-icon-facebook-f{background-color:#3b5998}.elementor-social-icon-flickr{background-color:#0063dc}.elementor-social-icon-foursquare{background-color:#2d5be3}.elementor-social-icon-free-code-camp,.elementor-social-icon-freecodecamp{background-color:#006400}.elementor-social-icon-github{background-color:#333}.elementor-social-icon-gitlab{background-color:#e24329}.elementor-social-icon-globe{background-color:#818a91}.elementor-social-icon-google-plus,.elementor-social-icon-google-plus-g{background-color:#dd4b39}.elementor-social-icon-houzz{background-color:#7ac142}.elementor-social-icon-instagram{background-color:#262626}.elementor-social-icon-jsfiddle{background-color:#487aa2}.elementor-social-icon-link{background-color:#818a91}.elementor-social-icon-linkedin,.elementor-social-icon-linkedin-in{background-color:#0077b5}.elementor-social-icon-medium{background-color:#00ab6b}.elementor-social-icon-meetup{background-color:#ec1c40}.elementor-social-icon-mixcloud{background-color:#273a4b}.elementor-social-icon-odnoklassniki{background-color:#f4731c}.elementor-social-icon-pinterest{background-color:#bd081c}.elementor-social-icon-product-hunt{background-color:#da552f}.elementor-social-icon-reddit{background-color:#ff4500}.elementor-social-icon-rss{background-color:#f26522}.elementor-social-icon-shopping-cart{background-color:#4caf50}.elementor-social-icon-skype{background-color:#00aff0}.elementor-social-icon-slideshare{background-color:#0077b5}.elementor-social-icon-snapchat{background-color:#fffc00}.elementor-social-icon-soundcloud{background-color:#f80}.elementor-social-icon-spotify{background-color:#2ebd59}.elementor-social-icon-stack-overflow{background-color:#fe7a15}.elementor-social-icon-steam{background-color:#00adee}.elementor-social-icon-stumbleupon{background-color:#eb4924}.elementor-social-icon-telegram{background-color:#2ca5e0}.elementor-social-icon-thumb-tack{background-color:#1aa1d8}.elementor-social-icon-tripadvisor{background-color:#589442}.elementor-social-icon-tumblr{background-color:#35465c}.elementor-social-icon-twitch{background-color:#6441a5}.elementor-social-icon-twitter{background-color:#1da1f2}.elementor-social-icon-viber{background-color:#665cac}.elementor-social-icon-vimeo{background-color:#1ab7ea}.elementor-social-icon-vk{background-color:#45668e}.elementor-social-icon-weibo{background-color:#dd2430}.elementor-social-icon-weixin{background-color:#31a918}.elementor-social-icon-whatsapp{background-color:#25d366}.elementor-social-icon-wordpress{background-color:#21759b}.elementor-social-icon-xing{background-color:#026466}.elementor-social-icon-yelp{background-color:#af0606}.elementor-social-icon-youtube{background-color:#cd201f}.elementor-social-icon-500px{background-color:#0099e5}.elementor-shape-rounded .elementor-icon.elementor-social-icon{border-radius:10%}.elementor-shape-circle .elementor-icon.elementor-social-icon{border-radius:50%}<\/style>\n<p>\t\t\t\t\t<a href=\"https:\/\/api.whatsapp.com\/send?phone=5543984854013&#038;text=Oi\" target=\"_blank\" rel=\"noopener\"><br \/>\n\t\t\t\t\t\tWhatsapp<br \/>\n\t\t\t\t\t\t\t\t\t\t\t<\/a><br \/>\n\t\t\t\t\t<a href=\"https:\/\/www.facebook.com\/made4itsolucoesemti\/\" target=\"_blank\" rel=\"noopener\"><br \/>\n\t\t\t\t\t\tFacebook<br \/>\n\t\t\t\t\t\t\t\t\t\t\t<\/a><br \/>\n\t\t\t\t\t<a href=\"https:\/\/www.youtube.com\/channel\/UCDAV6jTkmMggNfa6WTa0JEw\" target=\"_blank\" rel=\"noopener\"><br \/>\n\t\t\t\t\t\tYoutube<br \/>\n\t\t\t\t\t\t\t\t\t\t\t<\/a><br \/>\n\t\t\t\t\t<a href=\"https:\/\/www.linkedin.com\/company\/made4it-solu%C3%A7%C3%B5es-em-ti\" target=\"_blank\" rel=\"noopener\"><br \/>\n\t\t\t\t\t\tLinkedin<br \/>\n\t\t\t\t\t\t\t\t\t\t\t<\/a><br \/>\n\t\t\t\t\t<a href=\"https:\/\/www.instagram.com\/made4it\/\" target=\"_blank\" rel=\"noopener\"><br \/>\n\t\t\t\t\t\tInstagram<br \/>\n\t\t\t\t\t\t\t\t\t\t\t<\/a><\/p>\n<ul>\n<li>\n\t\t\t\t\t\t\t\t\t<a href=\"https:\/\/made4it.rhgestor.com.br\/\" target=\"_blank\" title=\"Trabalhe Conosco \/ Carreiras\" rel=\"noopener\">Trabalhe Conosco \/ Carreiras<\/a>\t\t\t\t\t\t\t\t<\/li>\n<\/ul>\n<h2>\n\t\t\t\t\t\tLinks\t\t\t\t\t<\/h2>\n<ul id=\"menu-primary-menu-ptbr\">\n<li id=\"menu-item-9797\"><a href=\"http:\/\/made4it.com.br\">Home<\/a><\/li>\n<li id=\"menu-item-9798\"><a href=\"http:\/\/made4it.com.br\/#sobre\">Sobre N\u00f3s<\/a>\n<ul>\n<li id=\"menu-item-10969\"><a href=\"http:\/\/made4it.com.br\/#certi\">Certifica\u00e7\u00f5es<\/a><\/li>\n<li id=\"menu-item-10973\"><a href=\"http:\/\/made4it.com.br\/#parc\">Parceiros<\/a><\/li>\n<\/ul>\n<\/li>\n<li id=\"menu-item-9799\"><a href=\"http:\/\/made4it.com.br\/#servicos\">Servi\u00e7os<\/a><\/li>\n<li id=\"menu-item-9800\"><a href=\"http:\/\/made4it.com.br\/#produtos\">Produtos<\/a><\/li>\n<li id=\"menu-item-9933\"><a href=\"https:\/\/made4it.com.br\/blog\/\">Blog<\/a><\/li>\n<li id=\"menu-item-9801\"><a href=\"http:\/\/made4it.com.br\/#contato\">Contato<\/a><\/li>\n<li id=\"menu-item-10974\"><a href=\"http:\/\/made4it.com.br\/#suporte\">Suporte<\/a><\/li>\n<\/ul>\n<h2>\n\t\t\t\t\t\tNewsletter\t\t\t\t\t<\/h2>\n<p>Reg\u00edstrese para recibir noticias.<\/p>\n<script>(function() {\n\twindow.mc4wp = window.mc4wp || {\n\t\tlisteners: [],\n\t\tforms: {\n\t\t\ton: function(evt, cb) {\n\t\t\t\twindow.mc4wp.listeners.push(\n\t\t\t\t\t{\n\t\t\t\t\t\tevent   : evt,\n\t\t\t\t\t\tcallback: cb\n\t\t\t\t\t}\n\t\t\t\t);\n\t\t\t}\n\t\t}\n\t}\n})();\n<\/script><!-- Mailchimp for WordPress v4.10.1 - https:\/\/wordpress.org\/plugins\/mailchimp-for-wp\/ --><form id=\"mc4wp-form-1\" class=\"mc4wp-form mc4wp-form-10115\" method=\"post\" data-id=\"10115\" data-name=\"Bolet\u00edn\" ><div class=\"mc4wp-form-fields\"><div class=\"ova-subscribe-form-wrapper \">\n   <div class=\"ova-subscribe-form\">\n       <input type=\"email\" name=\"EMAIL\" placeholder=\"Introduzca su direcci\u00f3n de correo electr\u00f3nico\" required=\"\">\n       <button type=\"submit\" value=\"\">\n          <i class=\"flaticon flaticon-send\"><\/i>\n       <\/button>\n   <\/div>\n  \n   <label>\n      <input name=\"AGREE_TO_TERMS\" type=\"radio\" value=\"1\" required=\"\">\n      \n  Acepto recibir informaci\u00f3n actualizada sobre Made4It\n      \n   <\/label>\n<\/div><\/div><label style=\"display: none !important;\">Deja vac\u00edo este campo si eres humano: <input type=\"text\" name=\"_mc4wp_honeypot\" value=\"\" tabindex=\"-1\" autocomplete=\"off\" \/><\/label><input type=\"hidden\" name=\"_mc4wp_timestamp\" value=\"1775575465\" \/><input type=\"hidden\" name=\"_mc4wp_form_id\" value=\"10115\" \/><input type=\"hidden\" name=\"_mc4wp_form_element_id\" value=\"mc4wp-form-1\" \/><div class=\"mc4wp-response\"><\/div><\/form><!-- \/ Mailchimp for WordPress Plugin -->\n<h2>\n\t\t\t\t\t\tContatos\t\t\t\t\t<\/h2>\n<ul>\n<li>\n\t\t\t\t\t\t\t\t\t<a href=\"https:\/\/api.whatsapp.com\/send?phone=4330478300\" target=\"_blank\" title=\"(43) 3047-8300\" rel=\"noopener\">(43) 3047-8300<\/a>\t\t\t\t\t\t\t\t<\/li>\n<\/ul>\n<ul>\n<li>\n\t\t\t\t\t\t\t\t\t\t\t\t\t\t\t\t\t\t\t\t\t<a href=\"mailto:comercial@made4it.com.br \" title=\"address\"><br \/>\n\t\t\t\t\t\t\t\t\t\t\t\t\tcomercial@made4it.com.br\t\t\t\t\t\t\t\t\t\t\t\t<\/a>\n\t\t\t\t\t\t\t\t\t\t\t\t\t\t\t\t\t\t\t<\/li>\n<\/ul>\n<ul>\n<li>\n\t\t\t\t\t\t\t\t\t<a href=\"https:\/\/goo.gl\/maps\/Q5N15jfF9cBiqabL9\" target=\"_blank\" title=\"Av. Curitiba, 800 - Centro, Apucarana - PR\" rel=\"noopener\">Av. Curitiba, 800 &#8211; Centro, Apucarana &#8211; PR<\/a>\t\t\t\t\t\t\t\t<\/li>\n<\/ul>\n","protected":false},"excerpt":{"rendered":"<p>Portugu\u00eas English Espa\u00f1ol Anti-DDoS \u00bfQuiere proteger su red contra ataques DDoS? \u00bfQu\u00e9 hace para identificar ataques y proteger su red? \u00a1Comprenda c\u00f3mo la nueva funcionalidad de Made4Flow lo salvar\u00e1 de los ataques DDoS! Rellena el formulario y accede a la versi\u00f3n demo. SIN ANTI-DDOS CON ANTI-DDOS Red desprotegida Red protegida con una soluci\u00f3n inteligente y [&hellip;]<\/p>\n","protected":false},"author":13,"featured_media":0,"parent":0,"menu_order":0,"comment_status":"closed","ping_status":"closed","template":"elementor_canvas","meta":{"postBodyCss":"","postBodyMargin":[],"postBodyPadding":[],"postBodyBackground":{"backgroundType":"classic","gradient":""},"footnotes":""},"class_list":["post-10703","page","type-page","status-publish","hentry"],"aioseo_notices":[],"_links":{"self":[{"href":"https:\/\/made4it.com.br\/es\/wp-json\/wp\/v2\/pages\/10703","targetHints":{"allow":["GET"]}}],"collection":[{"href":"https:\/\/made4it.com.br\/es\/wp-json\/wp\/v2\/pages"}],"about":[{"href":"https:\/\/made4it.com.br\/es\/wp-json\/wp\/v2\/types\/page"}],"author":[{"embeddable":true,"href":"https:\/\/made4it.com.br\/es\/wp-json\/wp\/v2\/users\/13"}],"replies":[{"embeddable":true,"href":"https:\/\/made4it.com.br\/es\/wp-json\/wp\/v2\/comments?post=10703"}],"version-history":[{"count":0,"href":"https:\/\/made4it.com.br\/es\/wp-json\/wp\/v2\/pages\/10703\/revisions"}],"wp:attachment":[{"href":"https:\/\/made4it.com.br\/es\/wp-json\/wp\/v2\/media?parent=10703"}],"curies":[{"name":"wp","href":"https:\/\/api.w.org\/{rel}","templated":true}]}}