{"id":12181,"date":"2023-04-24T11:45:22","date_gmt":"2023-04-24T14:45:22","guid":{"rendered":"https:\/\/made4it.com.br\/sucess-olt\/"},"modified":"2023-05-08T10:46:16","modified_gmt":"2023-05-08T13:46:16","slug":"sucess-olt","status":"publish","type":"page","link":"https:\/\/made4it.com.br\/en\/sucess-olt\/","title":{"rendered":"OLT"},"content":{"rendered":"\t\t<div data-elementor-type=\"wp-page\" data-elementor-id=\"12181\" class=\"elementor elementor-12181 elementor-12113\" data-elementor-post-type=\"page\">\n\t\t\t\t\t\t<section class=\"elementor-section elementor-top-section elementor-element elementor-element-7f80b01 elementor-section-boxed elementor-section-height-default elementor-section-height-default\" data-id=\"7f80b01\" data-element_type=\"section\" data-settings=\"{&quot;background_background&quot;:&quot;classic&quot;}\">\n\t\t\t\t\t\t\t<div class=\"elementor-background-overlay\"><\/div>\n\t\t\t\t\t\t\t<div class=\"elementor-container elementor-column-gap-default\">\n\t\t\t\t\t<div class=\"elementor-column elementor-col-100 elementor-top-column elementor-element elementor-element-5b10dac\" data-id=\"5b10dac\" data-element_type=\"column\">\n\t\t\t<div class=\"elementor-widget-wrap elementor-element-populated\">\n\t\t\t\t\t\t<section class=\"elementor-section elementor-inner-section elementor-element elementor-element-7a12a0b elementor-section-boxed elementor-section-height-default elementor-section-height-default\" data-id=\"7a12a0b\" data-element_type=\"section\">\n\t\t\t\t\t\t<div class=\"elementor-container elementor-column-gap-wide\">\n\t\t\t\t\t<div class=\"elementor-column elementor-col-100 elementor-inner-column elementor-element elementor-element-b0a3fb2\" data-id=\"b0a3fb2\" data-element_type=\"column\">\n\t\t\t<div class=\"elementor-widget-wrap elementor-element-populated\">\n\t\t\t\t\t\t<div class=\"elementor-element elementor-element-ac1132c elementor-widget elementor-widget-image\" data-id=\"ac1132c\" data-element_type=\"widget\" data-widget_type=\"image.default\">\n\t\t\t\t<div class=\"elementor-widget-container\">\n\t\t\t\t\t\t\t\t\t\t\t\t\t<img fetchpriority=\"high\" decoding=\"async\" width=\"800\" height=\"249\" src=\"https:\/\/made4it.com.br\/wp-content\/uploads\/2023\/04\/made4olt-1024x319.png\" class=\"attachment-large size-large wp-image-12102\" alt=\"\" srcset=\"https:\/\/made4it.com.br\/wp-content\/uploads\/2023\/04\/made4olt-1024x319.png 1024w, https:\/\/made4it.com.br\/wp-content\/uploads\/2023\/04\/made4olt-300x94.png 300w, https:\/\/made4it.com.br\/wp-content\/uploads\/2023\/04\/made4olt-768x239.png 768w, https:\/\/made4it.com.br\/wp-content\/uploads\/2023\/04\/made4olt.png 1200w\" sizes=\"(max-width: 800px) 100vw, 800px\" \/>\t\t\t\t\t\t\t\t\t\t\t\t\t<\/div>\n\t\t\t\t<\/div>\n\t\t\t\t<div class=\"elementor-element elementor-element-87165b3 elementor-widget elementor-widget-heading\" data-id=\"87165b3\" data-element_type=\"widget\" data-widget_type=\"heading.default\">\n\t\t\t\t<div class=\"elementor-widget-container\">\n\t\t\t<h2 class=\"elementor-heading-title elementor-size-default\">registration successful<\/h2>\t\t<\/div>\n\t\t\t\t<\/div>\n\t\t\t\t<div class=\"elementor-element elementor-element-fc57b1a elementor-widget elementor-widget-text-editor\" data-id=\"fc57b1a\" data-element_type=\"widget\" data-widget_type=\"text-editor.default\">\n\t\t\t\t<div class=\"elementor-widget-container\">\n\t\t\t\t\t\t\t<p>You will receive in your email or whatsapp all updates and releases regarding made4olt.<\/p>\n\t\t\t\t\t\t<\/div>\n\t\t\t\t<\/div>\n\t\t\t\t\t<\/div>\n\t\t<\/div>\n\t\t\t\t\t<\/div>\n\t\t<\/section>\n\t\t\t\t\t<\/div>\n\t\t<\/div>\n\t\t\t\t\t<\/div>\n\t\t<\/section>\n\t\t\t\t<section class=\"elementor-section elementor-top-section elementor-element elementor-element-f8d4b02 elementor-section-boxed elementor-section-height-default elementor-section-height-default\" data-id=\"f8d4b02\" data-element_type=\"section\" data-settings=\"{&quot;background_background&quot;:&quot;classic&quot;}\">\n\t\t\t\t\t\t<div class=\"elementor-container elementor-column-gap-custom\">\n\t\t\t\t\t<div class=\"elementor-column elementor-col-25 elementor-top-column elementor-element elementor-element-7e51323\" data-id=\"7e51323\" data-element_type=\"column\">\n\t\t\t<div class=\"elementor-widget-wrap elementor-element-populated\">\n\t\t\t\t\t\t<div class=\"elementor-element elementor-element-1633432 elementor-widget elementor-widget-ova_logo\" data-id=\"1633432\" data-element_type=\"widget\" data-widget_type=\"ova_logo.default\">\n\t\t\t\t<div class=\"elementor-widget-container\">\n\t\t\t\n\t\t<div class=\"brand_el\">\n\n\t\t\t\t\t\t\t\t\t\t\t<a href=\"https:\/\/made4it.com.br\/en\/ \"   >\n\t\t\t\n\t\t\t\t<img decoding=\"async\" src=\"http:\/\/made4it.com.br\/wp-content\/uploads\/2022\/03\/logotipo-branco.png\" \n\t\t\t\t\talt=\"Made4It\" \n\t\t\t\t\tclass=\"logo_desktop\" \n\t\t\t\t\tstyle=\"width:auto ; height:41px\" \n\t\t\t\t\/>\n\n\t\t\t\t<img decoding=\"async\" src=\"http:\/\/made4it.com.br\/wp-content\/uploads\/2022\/03\/logotipo-branco.png\" \n\t\t\t\t\talt=\"Made4It\" \n\t\t\t\t\tclass=\"logo_mobile\" \n\t\t\t\t\tstyle=\"width:197px ;  height:64px\" \n\t\t\t\t\/>\n\n\t\t\t\t<img decoding=\"async\" src=\"http:\/\/made4it.com.br\/wp-content\/uploads\/2022\/03\/logotipo-branco.png\" \n\t\t\t\t\talt=\"Made4It\" \n\t\t\t\t\tclass=\"logo_sticky\" \n\t\t\t\t\tstyle=\"width:auto ; height:41px\" \n\t\t\t\t\/>\n\n\t\t\t\t\t\t\t<\/a>\n\t\t\t\n\t\t<\/div>\n\n\t\t\t\t<\/div>\n\t\t\t\t<\/div>\n\t\t\t\t<div class=\"elementor-element elementor-element-98b529e elementor-widget elementor-widget-text-editor\" data-id=\"98b529e\" data-element_type=\"widget\" data-widget_type=\"text-editor.default\">\n\t\t\t\t<div class=\"elementor-widget-container\">\n\t\t\t\t\t\t\t<p>Made4it arises to meet the needs of the market, which has been demanding more and more personalized solutions.<\/p>\n\t\t\t\t\t\t<\/div>\n\t\t\t\t<\/div>\n\t\t\t\t<div class=\"elementor-element elementor-element-29880f4 elementor-shape-circle elementor-grid-5 e-grid-align-left e-grid-align-mobile-center elementor-widget elementor-widget-social-icons\" data-id=\"29880f4\" data-element_type=\"widget\" data-widget_type=\"social-icons.default\">\n\t\t\t\t<div class=\"elementor-widget-container\">\n\t\t\t\t\t<div class=\"elementor-social-icons-wrapper elementor-grid\">\n\t\t\t\t\t\t\t<span class=\"elementor-grid-item\">\n\t\t\t\t\t<a class=\"elementor-icon elementor-social-icon elementor-social-icon-whatsapp elementor-repeater-item-41c6ca0\" href=\"https:\/\/api.whatsapp.com\/send?phone=5543984854013&#038;text=Oi\" target=\"_blank\">\n\t\t\t\t\t\t<span class=\"elementor-screen-only\">Whatsapp<\/span>\n\t\t\t\t\t\t<i class=\"fab fa-whatsapp\"><\/i>\t\t\t\t\t<\/a>\n\t\t\t\t<\/span>\n\t\t\t\t\t\t\t<span class=\"elementor-grid-item\">\n\t\t\t\t\t<a class=\"elementor-icon elementor-social-icon elementor-social-icon-facebook elementor-repeater-item-9f11722\" href=\"https:\/\/www.facebook.com\/made4itsolucoesemti\/\" target=\"_blank\">\n\t\t\t\t\t\t<span class=\"elementor-screen-only\">Facebook<\/span>\n\t\t\t\t\t\t<i class=\"fab fa-facebook\"><\/i>\t\t\t\t\t<\/a>\n\t\t\t\t<\/span>\n\t\t\t\t\t\t\t<span class=\"elementor-grid-item\">\n\t\t\t\t\t<a class=\"elementor-icon elementor-social-icon elementor-social-icon-youtube elementor-repeater-item-25cbc0a\" href=\"https:\/\/www.youtube.com\/channel\/UCDAV6jTkmMggNfa6WTa0JEw\" target=\"_blank\">\n\t\t\t\t\t\t<span class=\"elementor-screen-only\">Youtube<\/span>\n\t\t\t\t\t\t<i class=\"fab fa-youtube\"><\/i>\t\t\t\t\t<\/a>\n\t\t\t\t<\/span>\n\t\t\t\t\t\t\t<span class=\"elementor-grid-item\">\n\t\t\t\t\t<a class=\"elementor-icon elementor-social-icon elementor-social-icon-linkedin elementor-repeater-item-2a09ce2\" href=\"https:\/\/www.linkedin.com\/company\/made4it-solu%C3%A7%C3%B5es-em-ti\" target=\"_blank\">\n\t\t\t\t\t\t<span class=\"elementor-screen-only\">Linkedin<\/span>\n\t\t\t\t\t\t<i class=\"fab fa-linkedin\"><\/i>\t\t\t\t\t<\/a>\n\t\t\t\t<\/span>\n\t\t\t\t\t\t\t<span class=\"elementor-grid-item\">\n\t\t\t\t\t<a class=\"elementor-icon elementor-social-icon elementor-social-icon-instagram elementor-repeater-item-1d91c1e\" href=\"https:\/\/www.instagram.com\/made4it\/\" target=\"_blank\">\n\t\t\t\t\t\t<span class=\"elementor-screen-only\">Instagram<\/span>\n\t\t\t\t\t\t<i class=\"fab fa-instagram\"><\/i>\t\t\t\t\t<\/a>\n\t\t\t\t<\/span>\n\t\t\t\t\t<\/div>\n\t\t\t\t<\/div>\n\t\t\t\t<\/div>\n\t\t\t\t<div class=\"elementor-element elementor-element-22e77f2 elementor-widget elementor-widget-infetech_elementor_contact_info\" data-id=\"22e77f2\" data-element_type=\"widget\" data-widget_type=\"infetech_elementor_contact_info.default\">\n\t\t\t\t<div class=\"elementor-widget-container\">\n\t\t\t\t\t\t<div class=\"ova-contact-info template1\">\n\t\t\t\t\n\t\t\t\t\t\t\t\t\t\t\t\t\t    \t<div class=\"icon\">\n\t\t\t\t\t\t\t<i class=\"far fa-address-card\"><\/i>\n\t\t\t\t\t\t<\/div>\n\t\t\t\t\t\t\t\t    \t\t\t\t\n\t\t\t\t<div class=\"contact\">\n\t\t\t\t\t\n\t\t\t\t\t\n\t\t\t\t\t<ul class=\"info\">\n\t\t\t\t\t\t\n\t\t\t\t\t\t\t\t<li class=\"item\">\n\n\t\t\t\t\t\t\t\t\t<a href=\"https:\/\/made4it.rhgestor.com.br\/\" target=\"_blank\" title=\"Trabalhe Conosco \/ Carreiras\">Trabalhe Conosco \/ Carreiras<\/a>\t\t\t\t\t\t\t\t<\/li>\n\t\t\t\t\t\t\t\n\t\t\t\t\t\t\t\t\t\t\t<\/ul>\n\n\t\t\t\t<\/div>\n\n\t\t\t<\/div>\n\n\t\t\t\t<\/div>\n\t\t\t\t<\/div>\n\t\t\t\t\t<\/div>\n\t\t<\/div>\n\t\t\t\t<div class=\"elementor-column elementor-col-25 elementor-top-column elementor-element elementor-element-3cb00c6\" data-id=\"3cb00c6\" data-element_type=\"column\">\n\t\t\t<div class=\"elementor-widget-wrap elementor-element-populated\">\n\t\t\t\t\t\t<div class=\"elementor-element elementor-element-2f1f5e6 elementor-widget elementor-widget-infetech_elementor_heading\" data-id=\"2f1f5e6\" data-element_type=\"widget\" data-widget_type=\"infetech_elementor_heading.default\">\n\t\t\t\t<div class=\"elementor-widget-container\">\n\t\t\t\n\t\t\t<div class=\"ova-heading\">\n\t\t\t\t\n\t\t\t\t\t\t\t\t\t<h2 class=\"sub-title\">\n\t\t\t\t\t\t<span class=\"underlined\"><\/span>\n\t\t\t\t\t\tLinks\t\t\t\t\t<\/h2>\t\n\t\t\t\t\n\t\t\t\t\n                \n\t\t\t<\/div>\n\n\t\t\t\t<\/div>\n\t\t\t\t<\/div>\n\t\t\t\t<div class=\"elementor-element elementor-element-ee3b9ff elementor-widget elementor-widget-infetech_elementor_menu_footer\" data-id=\"ee3b9ff\" data-element_type=\"widget\" data-widget_type=\"infetech_elementor_menu_footer.default\">\n\t\t\t\t<div class=\"elementor-widget-container\">\n\t\t\t\t\t<div class=\"ova-menu-footer\">\n\t\t\t<ul id=\"menu-primary-menu\" class=\"menu\"><li id=\"menu-item-12849\" class=\"menu-item menu-item-type-custom menu-item-object-custom menu-item-has-children menu-item-12849\"><a href=\"https:\/\/made4it.com.br\/en\/#sobre\">About Us<\/a>\n<ul class=\"sub-menu\">\n\t<li id=\"menu-item-12850\" class=\"menu-item menu-item-type-custom menu-item-object-custom menu-item-12850\"><a href=\"https:\/\/made4it.com.br\/en\/#certi\">Certifications<\/a><\/li>\n\t<li id=\"menu-item-12851\" class=\"menu-item menu-item-type-custom menu-item-object-custom menu-item-12851\"><a href=\"https:\/\/made4it.com.br\/en\/#parc\">Partners<\/a><\/li>\n<\/ul>\n<\/li>\n<li id=\"menu-item-12852\" class=\"menu-item menu-item-type-custom menu-item-object-custom menu-item-12852\"><a href=\"https:\/\/made4it.com.br\/en\/#servicos\">Services<\/a><\/li>\n<li id=\"menu-item-12853\" class=\"menu-item menu-item-type-custom menu-item-object-custom menu-item-12853\"><a href=\"https:\/\/made4it.com.br\/en\/#produtos\">Products<\/a><\/li>\n<li id=\"menu-item-12854\" class=\"menu-item menu-item-type-custom menu-item-object-custom menu-item-12854\"><a href=\"https:\/\/made4it.com.br\/en\/#cursos\">Courses | Trainings<\/a><\/li>\n<li id=\"menu-item-9940\" class=\"menu-item menu-item-type-post_type menu-item-object-page current_page_parent menu-item-9940\"><a href=\"https:\/\/made4it.com.br\/en\/blog\/\">Blog<\/a><\/li>\n<li id=\"menu-item-12855\" class=\"menu-item menu-item-type-custom menu-item-object-custom menu-item-12855\"><a href=\"https:\/\/made4it.com.br\/en\/#contact\">Contact<\/a><\/li>\n<li id=\"menu-item-12856\" class=\"menu-item menu-item-type-custom menu-item-object-custom menu-item-12856\"><a href=\"https:\/\/made4it.com.br\/en\/#suporte\">Support<\/a><\/li>\n<\/ul>\t\t<\/div>\n\n\t\t\t\t<\/div>\n\t\t\t\t<\/div>\n\t\t\t\t\t<\/div>\n\t\t<\/div>\n\t\t\t\t<div class=\"elementor-column elementor-col-25 elementor-top-column elementor-element elementor-element-b86178f\" data-id=\"b86178f\" data-element_type=\"column\">\n\t\t\t<div class=\"elementor-widget-wrap elementor-element-populated\">\n\t\t\t\t\t\t<div class=\"elementor-element elementor-element-73d0fc4 elementor-widget elementor-widget-infetech_elementor_heading\" data-id=\"73d0fc4\" data-element_type=\"widget\" data-widget_type=\"infetech_elementor_heading.default\">\n\t\t\t\t<div class=\"elementor-widget-container\">\n\t\t\t\n\t\t\t<div class=\"ova-heading\">\n\t\t\t\t\n\t\t\t\t\t\t\t\t\t<h2 class=\"sub-title\">\n\t\t\t\t\t\t<span class=\"underlined\"><\/span>\n\t\t\t\t\t\tNewsletter\t\t\t\t\t<\/h2>\t\n\t\t\t\t\n\t\t\t\t\n                \n\t\t\t<\/div>\n\n\t\t\t\t<\/div>\n\t\t\t\t<\/div>\n\t\t\t\t<div class=\"elementor-element elementor-element-c335481 elementor-widget elementor-widget-text-editor\" data-id=\"c335481\" data-element_type=\"widget\" data-widget_type=\"text-editor.default\">\n\t\t\t\t<div class=\"elementor-widget-container\">\n\t\t\t\t\t\t\t<p>Sign up to receive news.<\/p>\n\t\t\t\t\t\t<\/div>\n\t\t\t\t<\/div>\n\t\t\t\t<div class=\"elementor-element elementor-element-af86da3 elementor-widget elementor-widget-shortcode\" data-id=\"af86da3\" data-element_type=\"widget\" data-widget_type=\"shortcode.default\">\n\t\t\t\t<div class=\"elementor-widget-container\">\n\t\t\t\t\t<div class=\"elementor-shortcode\">\n          <script>(function() {\n\twindow.mc4wp = window.mc4wp || {\n\t\tlisteners: [],\n\t\tforms: {\n\t\t\ton: function(evt, cb) {\n\t\t\t\twindow.mc4wp.listeners.push(\n\t\t\t\t\t{\n\t\t\t\t\t\tevent   : evt,\n\t\t\t\t\t\tcallback: cb\n\t\t\t\t\t}\n\t\t\t\t);\n\t\t\t}\n\t\t}\n\t}\n})();\n<\/script><!-- Mailchimp for WordPress v4.10.1 - https:\/\/wordpress.org\/plugins\/mailchimp-for-wp\/ --><form id=\"mc4wp-form-1\" class=\"mc4wp-form mc4wp-form-10114\" method=\"post\" data-id=\"10114\" data-name=\"Newsletter\" ><div class=\"mc4wp-form-fields\"><div class=\"ova-subscribe-form-wrapper \">\n   <div class=\"ova-subscribe-form\">\n       <input type=\"email\" name=\"EMAIL\" placeholder=\"Enter your Email\" required=\"\">\n       <button type=\"submit\" value=\"\">\n          <i class=\"flaticon flaticon-send\"><\/i>\n       <\/button>\n   <\/div>\n  \n   <label>\n      <input name=\"AGREE_TO_TERMS\" type=\"radio\" value=\"1\" required=\"\">\n      \n  I agree to receive updates about Made4It\n      \n   <\/label>\n<\/div><\/div><label style=\"display: none !important;\">Leave this field empty if you're human: <input type=\"text\" name=\"_mc4wp_honeypot\" value=\"\" tabindex=\"-1\" autocomplete=\"off\" \/><\/label><input type=\"hidden\" name=\"_mc4wp_timestamp\" value=\"1776330270\" \/><input type=\"hidden\" name=\"_mc4wp_form_id\" value=\"10114\" \/><input type=\"hidden\" name=\"_mc4wp_form_element_id\" value=\"mc4wp-form-1\" \/><div class=\"mc4wp-response\"><\/div><\/form><!-- \/ Mailchimp for WordPress Plugin -->\n        <\/div>\n\t\t\t\t<\/div>\n\t\t\t\t<\/div>\n\t\t\t\t\t<\/div>\n\t\t<\/div>\n\t\t\t\t<div class=\"elementor-column elementor-col-25 elementor-top-column elementor-element elementor-element-fb0c772\" data-id=\"fb0c772\" data-element_type=\"column\">\n\t\t\t<div class=\"elementor-widget-wrap elementor-element-populated\">\n\t\t\t\t\t\t<div class=\"elementor-element elementor-element-7e7c365 elementor-widget elementor-widget-infetech_elementor_heading\" data-id=\"7e7c365\" data-element_type=\"widget\" data-widget_type=\"infetech_elementor_heading.default\">\n\t\t\t\t<div class=\"elementor-widget-container\">\n\t\t\t\n\t\t\t<div class=\"ova-heading\">\n\t\t\t\t\n\t\t\t\t\t\t\t\t\t<h2 class=\"sub-title\">\n\t\t\t\t\t\t<span class=\"underlined\"><\/span>\n\t\t\t\t\t\tContatos\t\t\t\t\t<\/h2>\t\n\t\t\t\t\n\t\t\t\t\n                \n\t\t\t<\/div>\n\n\t\t\t\t<\/div>\n\t\t\t\t<\/div>\n\t\t\t\t<div class=\"elementor-element elementor-element-8987901 elementor-widget elementor-widget-infetech_elementor_contact_info\" data-id=\"8987901\" data-element_type=\"widget\" data-widget_type=\"infetech_elementor_contact_info.default\">\n\t\t\t\t<div class=\"elementor-widget-container\">\n\t\t\t\t\t\t<div class=\"ova-contact-info template1\">\n\t\t\t\t\n\t\t\t\t\t\t\t\t\t\t\t\t\t    \t<div class=\"icon\">\n\t\t\t\t\t\t\t<i class=\"flaticon flaticon-telephone-call\"><\/i>\n\t\t\t\t\t\t<\/div>\n\t\t\t\t\t\t\t\t    \t\t\t\t\n\t\t\t\t<div class=\"contact\">\n\t\t\t\t\t\n\t\t\t\t\t\n\t\t\t\t\t<ul class=\"info\">\n\t\t\t\t\t\t\n\t\t\t\t\t\t\t\t<li class=\"item\">\n\n\t\t\t\t\t\t\t\t\t<a href=\"https:\/\/api.whatsapp.com\/send?phone=4330478300\" target=\"_blank\" title=\"(43) 3047-8300\">(43) 3047-8300<\/a>\t\t\t\t\t\t\t\t<\/li>\n\t\t\t\t\t\t\t\n\t\t\t\t\t\t\t\t\t\t\t<\/ul>\n\n\t\t\t\t<\/div>\n\n\t\t\t<\/div>\n\n\t\t\t\t<\/div>\n\t\t\t\t<\/div>\n\t\t\t\t<div class=\"elementor-element elementor-element-3395298 elementor-widget elementor-widget-infetech_elementor_contact_info\" data-id=\"3395298\" data-element_type=\"widget\" data-widget_type=\"infetech_elementor_contact_info.default\">\n\t\t\t\t<div class=\"elementor-widget-container\">\n\t\t\t\t\t\t<div class=\"ova-contact-info template1\">\n\t\t\t\t\n\t\t\t\t\t\t\t\t\t\t\t\t\t    \t<div class=\"icon\">\n\t\t\t\t\t\t\t<i class=\"flaticon flaticon-email\"><\/i>\n\t\t\t\t\t\t<\/div>\n\t\t\t\t\t\t\t\t    \t\t\t\t\n\t\t\t\t<div class=\"contact\">\n\t\t\t\t\t\n\t\t\t\t\t\n\t\t\t\t\t<ul class=\"info\">\n\t\t\t\t\t\t\n\t\t\t\t\t\t\t\t<li class=\"item\">\n\n\t\t\t\t\t\t\t\t\t\t\t\t\t\t\t\t\t\t\t\t\t<a href=\"mailto:comercial@made4it.com.br \" title=\"address\">\n\t\t\t\t\t\t\t\t\t\t\t\t\tcomercial@made4it.com.br\t\t\t\t\t\t\t\t\t\t\t\t<\/a>\n\t\t\t\t\t\t\t\t\t\t\t\t\t\t\t\t\t\t\t<\/li>\n\t\t\t\t\t\t\t\n\t\t\t\t\t\t\t\t\t\t\t<\/ul>\n\n\t\t\t\t<\/div>\n\n\t\t\t<\/div>\n\n\t\t\t\t<\/div>\n\t\t\t\t<\/div>\n\t\t\t\t<div class=\"elementor-element elementor-element-13adc35 elementor-widget elementor-widget-infetech_elementor_contact_info\" data-id=\"13adc35\" data-element_type=\"widget\" data-widget_type=\"infetech_elementor_contact_info.default\">\n\t\t\t\t<div class=\"elementor-widget-container\">\n\t\t\t\t\t\t<div class=\"ova-contact-info template1\">\n\t\t\t\t\n\t\t\t\t\t\t\t\t\t\t\t\t\t    \t<div class=\"icon\">\n\t\t\t\t\t\t\t<i class=\"fas fa-map-marker-alt\"><\/i>\n\t\t\t\t\t\t<\/div>\n\t\t\t\t\t\t\t\t    \t\t\t\t\n\t\t\t\t<div class=\"contact\">\n\t\t\t\t\t\n\t\t\t\t\t\n\t\t\t\t\t<ul class=\"info\">\n\t\t\t\t\t\t\n\t\t\t\t\t\t\t\t<li class=\"item\">\n\n\t\t\t\t\t\t\t\t\t<a href=\"https:\/\/goo.gl\/maps\/Q5N15jfF9cBiqabL9\" target=\"_blank\" title=\"Av. Curitiba, 800 - Centro, Apucarana - PR\">Av. Curitiba, 800 - Centro, Apucarana - PR<\/a>\t\t\t\t\t\t\t\t<\/li>\n\t\t\t\t\t\t\t\n\t\t\t\t\t\t\t\t\t\t\t<\/ul>\n\n\t\t\t\t<\/div>\n\n\t\t\t<\/div>\n\n\t\t\t\t<\/div>\n\t\t\t\t<\/div>\n\t\t\t\t\t<\/div>\n\t\t<\/div>\n\t\t\t\t\t<\/div>\n\t\t<\/section>\n\t\t\t\t<\/div>\n\t\t","protected":false},"excerpt":{"rendered":"<p>registration successful You will receive in your email or whatsapp all updates and releases regarding made4olt. Made4it arises to meet the needs of the market, which has been demanding more and more personalized solutions. Whatsapp Facebook Youtube Linkedin Instagram Trabalhe Conosco \/ Carreiras Links Home Sobre N\u00f3s Certifica\u00e7\u00f5es Parceiros Servi\u00e7os Produtos Blog Contato Suporte Newsletter [&hellip;]<\/p>\n","protected":false},"author":13,"featured_media":0,"parent":0,"menu_order":0,"comment_status":"closed","ping_status":"closed","template":"elementor_canvas","meta":{"postBodyCss":"","postBodyMargin":[],"postBodyPadding":[],"postBodyBackground":{"backgroundType":"classic","gradient":""},"footnotes":""},"class_list":["post-12181","page","type-page","status-publish","hentry"],"aioseo_notices":[],"_links":{"self":[{"href":"https:\/\/made4it.com.br\/en\/wp-json\/wp\/v2\/pages\/12181","targetHints":{"allow":["GET"]}}],"collection":[{"href":"https:\/\/made4it.com.br\/en\/wp-json\/wp\/v2\/pages"}],"about":[{"href":"https:\/\/made4it.com.br\/en\/wp-json\/wp\/v2\/types\/page"}],"author":[{"embeddable":true,"href":"https:\/\/made4it.com.br\/en\/wp-json\/wp\/v2\/users\/13"}],"replies":[{"embeddable":true,"href":"https:\/\/made4it.com.br\/en\/wp-json\/wp\/v2\/comments?post=12181"}],"version-history":[{"count":1,"href":"https:\/\/made4it.com.br\/en\/wp-json\/wp\/v2\/pages\/12181\/revisions"}],"predecessor-version":[{"id":12182,"href":"https:\/\/made4it.com.br\/en\/wp-json\/wp\/v2\/pages\/12181\/revisions\/12182"}],"wp:attachment":[{"href":"https:\/\/made4it.com.br\/en\/wp-json\/wp\/v2\/media?parent=12181"}],"curies":[{"name":"wp","href":"https:\/\/api.w.org\/{rel}","templated":true}]}}